{"id":12787,"date":"2024-07-24T10:01:50","date_gmt":"2024-07-24T13:01:50","guid":{"rendered":"https:\/\/www.malaura.com.br\/?page_id=12787"},"modified":"2024-07-30T12:13:12","modified_gmt":"2024-07-30T15:13:12","slug":"pre-url-gta","status":"publish","type":"page","link":"http:\/\/www.malaura.com.br\/en\/pre-url-gta\/","title":{"rendered":"PRE URL"},"content":{"rendered":"<div data-elementor-type=\"wp-page\" data-elementor-id=\"12787\" class=\"elementor elementor-12787\" data-elementor-settings=\"{&quot;ha_cmc_init_switcher&quot;:&quot;no&quot;}\" data-elementor-post-type=\"page\">\n\t\t\t\t\t\t<section class=\"elementor-section elementor-top-section elementor-element elementor-element-f22accb elementor-section-boxed elementor-section-height-default elementor-section-height-default\" data-id=\"f22accb\" data-element_type=\"section\" data-e-type=\"section\" data-settings=\"{&quot;_ha_eqh_enable&quot;:false}\">\n\t\t\t\t\t\t<div class=\"elementor-container elementor-column-gap-default\">\n\t\t\t\t\t<div class=\"elementor-column elementor-col-100 elementor-top-column elementor-element elementor-element-477132d\" data-id=\"477132d\" data-element_type=\"column\" data-e-type=\"column\">\n\t\t\t<div class=\"elementor-widget-wrap elementor-element-populated\">\n\t\t\t\t\t\t<div class=\"elementor-element elementor-element-2128b58 elementor-widget elementor-widget-heading\" data-id=\"2128b58\" data-element_type=\"widget\" data-e-type=\"widget\" data-widget_type=\"heading.default\">\n\t\t\t\t<div class=\"elementor-widget-container\">\n\t\t\t\t\t<h2 class=\"elementor-heading-title elementor-size-default\">GTA RP \u00e9 um jogo onde voc\u00ea interpreta um personagem espec\u00edfico no mundo de GTA V, vivendo aventuras e interagindo com outros jogadores como se estivesse na vida real.<\/h2>\t\t\t\t<\/div>\n\t\t\t\t<\/div>\n\t\t\t\t\t<\/div>\n\t\t<\/div>\n\t\t\t\t\t<\/div>\n\t\t<\/section>\n\t\t\t\t<section class=\"elementor-section elementor-top-section elementor-element elementor-element-44377b1 elementor-section-boxed elementor-section-height-default elementor-section-height-default\" data-id=\"44377b1\" data-element_type=\"section\" data-e-type=\"section\" data-settings=\"{&quot;background_background&quot;:&quot;classic&quot;,&quot;_ha_eqh_enable&quot;:false}\">\n\t\t\t\t\t\t<div class=\"elementor-container elementor-column-gap-default\">\n\t\t\t\t\t<div class=\"elementor-column elementor-col-50 elementor-top-column elementor-element elementor-element-12918b9\" data-id=\"12918b9\" data-element_type=\"column\" data-e-type=\"column\">\n\t\t\t<div class=\"elementor-widget-wrap elementor-element-populated\">\n\t\t\t\t\t\t<div class=\"elementor-element elementor-element-df2981d elementor-align-center elementor-widget elementor-widget-button\" data-id=\"df2981d\" data-element_type=\"widget\" data-e-type=\"widget\" data-widget_type=\"button.default\">\n\t\t\t\t<div class=\"elementor-widget-container\">\n\t\t\t\t\t\t\t\t\t<div class=\"elementor-button-wrapper\">\n\t\t\t\t\t<a class=\"elementor-button elementor-button-link elementor-size-sm\" href=\"https:\/\/www.malaura.com.br\/en\/jogar-gta-rp-no-celular-veja-como-baixar\/\">\n\t\t\t\t\t\t<span class=\"elementor-button-content-wrapper\">\n\t\t\t\t\t\t\t\t\t<span class=\"elementor-button-text\"> \u27a1\ufe0f QUERO JOGAR!<\/span>\n\t\t\t\t\t<\/span>\n\t\t\t\t\t<\/a>\n\t\t\t\t<\/div>\n\t\t\t\t\t\t\t\t<\/div>\n\t\t\t\t<\/div>\n\t\t\t\t<div class=\"elementor-element elementor-element-510d491 elementor-widget elementor-widget-image\" data-id=\"510d491\" data-element_type=\"widget\" data-e-type=\"widget\" data-widget_type=\"image.default\">\n\t\t\t\t<div class=\"elementor-widget-container\">\n\t\t\t\t\t\t\t\t\t\t\t\t\t\t\t<img fetchpriority=\"high\" decoding=\"async\" width=\"960\" height=\"540\" src=\"http:\/\/www.malaura.com.br\/wp-content\/uploads\/2024\/07\/64399d74c8d85_Easy-Resize.com_-1024x576.jpg\" class=\"attachment-large size-large wp-image-12765\" alt=\"\" srcset=\"http:\/\/www.malaura.com.br\/wp-content\/uploads\/2024\/07\/64399d74c8d85_Easy-Resize.com_-1024x576.jpg 1024w, http:\/\/www.malaura.com.br\/wp-content\/uploads\/2024\/07\/64399d74c8d85_Easy-Resize.com_-300x169.jpg 300w, http:\/\/www.malaura.com.br\/wp-content\/uploads\/2024\/07\/64399d74c8d85_Easy-Resize.com_-768x432.jpg 768w, http:\/\/www.malaura.com.br\/wp-content\/uploads\/2024\/07\/64399d74c8d85_Easy-Resize.com_.jpg 1280w\" sizes=\"(max-width: 960px) 100vw, 960px\" \/>\t\t\t\t\t\t\t\t\t\t\t\t\t\t\t<\/div>\n\t\t\t\t<\/div>\n\t\t\t\t<div class=\"elementor-element elementor-element-07d3806 elementor-widget elementor-widget-text-editor\" data-id=\"07d3806\" data-element_type=\"widget\" data-e-type=\"widget\" data-widget_type=\"text-editor.default\">\n\t\t\t\t<div class=\"elementor-widget-container\">\n\t\t\t\t\t\t\t\t\t<p>GTA RP \u00e9 onde voc\u00ea assume um personagem e vive dramas \u00fanicos, desde romances improv\u00e1veis at\u00e9 resgates emocionantes!<\/p>\t\t\t\t\t\t\t\t<\/div>\n\t\t\t\t<\/div>\n\t\t\t\t\t<\/div>\n\t\t<\/div>\n\t\t\t\t<div class=\"elementor-column elementor-col-50 elementor-top-column elementor-element elementor-element-ad99b8a\" data-id=\"ad99b8a\" data-element_type=\"column\" data-e-type=\"column\">\n\t\t\t<div class=\"elementor-widget-wrap elementor-element-populated\">\n\t\t\t\t\t\t<div class=\"elementor-element elementor-element-1d1df61 elementor-align-center elementor-widget elementor-widget-button\" data-id=\"1d1df61\" data-element_type=\"widget\" data-e-type=\"widget\" data-widget_type=\"button.default\">\n\t\t\t\t<div class=\"elementor-widget-container\">\n\t\t\t\t\t\t\t\t\t<div class=\"elementor-button-wrapper\">\n\t\t\t\t\t<a class=\"elementor-button elementor-button-link elementor-size-sm\" href=\"https:\/\/www.malaura.com.br\/en\/jogar-gta-rp-no-celular-veja-como-baixar\/\">\n\t\t\t\t\t\t<span class=\"elementor-button-content-wrapper\">\n\t\t\t\t\t\t\t\t\t<span class=\"elementor-button-text\"> \u27a1\ufe0f QUERO JOGAR!<\/span>\n\t\t\t\t\t<\/span>\n\t\t\t\t\t<\/a>\n\t\t\t\t<\/div>\n\t\t\t\t\t\t\t\t<\/div>\n\t\t\t\t<\/div>\n\t\t\t\t<div class=\"elementor-element elementor-element-2c6e552 elementor-widget elementor-widget-text-editor\" data-id=\"2c6e552\" data-element_type=\"widget\" data-e-type=\"widget\" data-widget_type=\"text-editor.default\">\n\t\t\t\t<div class=\"elementor-widget-container\">\n\t\t\t\t\t\t\t\t\t<p>GTA RP \u00e9 uma maneira incr\u00edvel de aproveitar o universo de Grand Theft Auto, um dos jogos mais famosos de todos os tempos.<\/p><p>Diferente dos modos tradicionais, onde voc\u00ea segue uma hist\u00f3ria ou completa miss\u00f5es, o GTA RP oferece total liberdade, transformando o jogo em um vasto mundo virtual repleto de vida, surpresas e situa\u00e7\u00f5es inesperadas.<\/p><p>GTA RP permite que voc\u00ea seja quem quiser. Cada jogador escolhe seu papel e vive a vida do personagem, improvisando intera\u00e7\u00f5es e criando hist\u00f3rias \u00fanicas. \u00c9 como estar em um filme de a\u00e7\u00e3o improvisado, com a liberdade de fazer o que quiser em uma cidade que nunca para de surpreender!<\/p>\t\t\t\t\t\t\t\t<\/div>\n\t\t\t\t<\/div>\n\t\t\t\t\t<\/div>\n\t\t<\/div>\n\t\t\t\t\t<\/div>\n\t\t<\/section>\n\t\t\t\t<section class=\"elementor-section elementor-top-section elementor-element elementor-element-365b64f elementor-section-boxed elementor-section-height-default elementor-section-height-default\" data-id=\"365b64f\" data-element_type=\"section\" data-e-type=\"section\" data-settings=\"{&quot;_ha_eqh_enable&quot;:false}\">\n\t\t\t\t\t\t<div class=\"elementor-container elementor-column-gap-default\">\n\t\t\t\t\t<div class=\"elementor-column elementor-col-33 elementor-top-column elementor-element elementor-element-9c163d6\" data-id=\"9c163d6\" data-element_type=\"column\" data-e-type=\"column\">\n\t\t\t<div class=\"elementor-widget-wrap elementor-element-populated\">\n\t\t\t\t\t\t<div class=\"elementor-element elementor-element-f73ff1f elementor-widget elementor-widget-text-editor\" data-id=\"f73ff1f\" data-element_type=\"widget\" data-e-type=\"widget\" data-widget_type=\"text-editor.default\">\n\t\t\t\t<div class=\"elementor-widget-container\">\n\t\t\t\t\t\t\t\t\t<h4 class=\"elementor-icon-box-title\">\u2705 Jogue no celular\u00a0<\/h4>\t\t\t\t\t\t\t\t<\/div>\n\t\t\t\t<\/div>\n\t\t\t\t<div class=\"elementor-element elementor-element-3bd4392 elementor-widget elementor-widget-text-editor\" data-id=\"3bd4392\" data-element_type=\"widget\" data-e-type=\"widget\" data-widget_type=\"text-editor.default\">\n\t\t\t\t<div class=\"elementor-widget-container\">\n\t\t\t\t\t\t\t\t\t<h4 class=\"elementor-icon-box-title\">\u2705 Crie hist\u00f3rias da hora\u00a0<\/h4>\t\t\t\t\t\t\t\t<\/div>\n\t\t\t\t<\/div>\n\t\t\t\t\t<\/div>\n\t\t<\/div>\n\t\t\t\t<div class=\"elementor-column elementor-col-33 elementor-top-column elementor-element elementor-element-06ab98f\" data-id=\"06ab98f\" data-element_type=\"column\" data-e-type=\"column\">\n\t\t\t<div class=\"elementor-widget-wrap elementor-element-populated\">\n\t\t\t\t\t\t<div class=\"elementor-element elementor-element-24f8c53 elementor-widget elementor-widget-text-editor\" data-id=\"24f8c53\" data-element_type=\"widget\" data-e-type=\"widget\" data-widget_type=\"text-editor.default\">\n\t\t\t\t<div class=\"elementor-widget-container\">\n\t\t\t\t\t\t\t\t\t<h4 class=\"elementor-icon-box-title\">\u2705 Participa\u00e7\u00e3o de eventos\u00a0<\/h4>\t\t\t\t\t\t\t\t<\/div>\n\t\t\t\t<\/div>\n\t\t\t\t<div class=\"elementor-element elementor-element-6fcae70 elementor-widget elementor-widget-text-editor\" data-id=\"6fcae70\" data-element_type=\"widget\" data-e-type=\"widget\" data-widget_type=\"text-editor.default\">\n\t\t\t\t<div class=\"elementor-widget-container\">\n\t\t\t\t\t\t\t\t\t<h4 class=\"elementor-icon-box-title\">\u2705 compre ou construa ve\u00edculos\u00a0<\/h4>\t\t\t\t\t\t\t\t<\/div>\n\t\t\t\t<\/div>\n\t\t\t\t\t<\/div>\n\t\t<\/div>\n\t\t\t\t<div class=\"elementor-column elementor-col-33 elementor-top-column elementor-element elementor-element-6a1b9c4\" data-id=\"6a1b9c4\" data-element_type=\"column\" data-e-type=\"column\">\n\t\t\t<div class=\"elementor-widget-wrap elementor-element-populated\">\n\t\t\t\t\t\t<div class=\"elementor-element elementor-element-b2818f0 elementor-widget elementor-widget-text-editor\" data-id=\"b2818f0\" data-element_type=\"widget\" data-e-type=\"widget\" data-widget_type=\"text-editor.default\">\n\t\t\t\t<div class=\"elementor-widget-container\">\n\t\t\t\t\t\t\t\t\t<h4 class=\"elementor-icon-box-title\">\u2705 construa relacionamento\u00a0<\/h4>\t\t\t\t\t\t\t\t<\/div>\n\t\t\t\t<\/div>\n\t\t\t\t<div class=\"elementor-element elementor-element-8b90e71 elementor-widget elementor-widget-text-editor\" data-id=\"8b90e71\" data-element_type=\"widget\" data-e-type=\"widget\" data-widget_type=\"text-editor.default\">\n\t\t\t\t<div class=\"elementor-widget-container\">\n\t\t\t\t\t\t\t\t\t<h4 class=\"elementor-icon-box-title\">\u2705 Explore os mapas<\/h4>\t\t\t\t\t\t\t\t<\/div>\n\t\t\t\t<\/div>\n\t\t\t\t\t<\/div>\n\t\t<\/div>\n\t\t\t\t\t<\/div>\n\t\t<\/section>\n\t\t\t\t<section class=\"elementor-section elementor-top-section elementor-element elementor-element-1749ea5 elementor-section-boxed elementor-section-height-default elementor-section-height-default\" data-id=\"1749ea5\" data-element_type=\"section\" data-e-type=\"section\" data-settings=\"{&quot;_ha_eqh_enable&quot;:false}\">\n\t\t\t\t\t\t<div class=\"elementor-container elementor-column-gap-default\">\n\t\t\t\t\t<div class=\"elementor-column elementor-col-100 elementor-top-column elementor-element elementor-element-c9306f3\" data-id=\"c9306f3\" data-element_type=\"column\" data-e-type=\"column\">\n\t\t\t<div class=\"elementor-widget-wrap elementor-element-populated\">\n\t\t\t\t\t\t<div class=\"elementor-element elementor-element-58a473f elementor-widget elementor-widget-heading\" data-id=\"58a473f\" data-element_type=\"widget\" data-e-type=\"widget\" data-widget_type=\"heading.default\">\n\t\t\t\t<div class=\"elementor-widget-container\">\n\t\t\t\t\t<h3 class=\"elementor-heading-title elementor-size-default\">Voc\u00ea pode fazer o download do jogo e come\u00e7ar a se divertir!<\/h3>\t\t\t\t<\/div>\n\t\t\t\t<\/div>\n\t\t\t\t\t<\/div>\n\t\t<\/div>\n\t\t\t\t\t<\/div>\n\t\t<\/section>\n\t\t\t\t<section class=\"elementor-section elementor-top-section elementor-element elementor-element-c7fb023 elementor-section-boxed elementor-section-height-default elementor-section-height-default\" data-id=\"c7fb023\" data-element_type=\"section\" data-e-type=\"section\" data-settings=\"{&quot;_ha_eqh_enable&quot;:false}\">\n\t\t\t\t\t\t<div class=\"elementor-container elementor-column-gap-default\">\n\t\t\t\t\t<div class=\"elementor-column elementor-col-100 elementor-top-column elementor-element elementor-element-19bf8b8\" data-id=\"19bf8b8\" data-element_type=\"column\" data-e-type=\"column\">\n\t\t\t<div class=\"elementor-widget-wrap elementor-element-populated\">\n\t\t\t\t\t\t<div class=\"elementor-element elementor-element-7362d2e elementor-align-center elementor-widget elementor-widget-button\" data-id=\"7362d2e\" data-element_type=\"widget\" data-e-type=\"widget\" data-widget_type=\"button.default\">\n\t\t\t\t<div class=\"elementor-widget-container\">\n\t\t\t\t\t\t\t\t\t<div class=\"elementor-button-wrapper\">\n\t\t\t\t\t<a class=\"elementor-button elementor-button-link elementor-size-sm\" href=\"https:\/\/www.malaura.com.br\/en\/jogar-gta-rp-no-celular-veja-como-baixar\/\">\n\t\t\t\t\t\t<span class=\"elementor-button-content-wrapper\">\n\t\t\t\t\t\t\t\t\t<span class=\"elementor-button-text\"> \u27a1\ufe0f SAIBA COMO JOGAR GTA RP NO CELULAR!<\/span>\n\t\t\t\t\t<\/span>\n\t\t\t\t\t<\/a>\n\t\t\t\t<\/div>\n\t\t\t\t\t\t\t\t<\/div>\n\t\t\t\t<\/div>\n\t\t\t\t\t<\/div>\n\t\t<\/div>\n\t\t\t\t\t<\/div>\n\t\t<\/section>\n\t\t\t\t<section class=\"elementor-section elementor-top-section elementor-element elementor-element-1ba2391 elementor-section-boxed elementor-section-height-default elementor-section-height-default\" data-id=\"1ba2391\" data-element_type=\"section\" data-e-type=\"section\" data-settings=\"{&quot;_ha_eqh_enable&quot;:false}\">\n\t\t\t\t\t\t<div class=\"elementor-container elementor-column-gap-default\">\n\t\t\t\t\t<div class=\"elementor-column elementor-col-100 elementor-top-column elementor-element elementor-element-61bb590\" data-id=\"61bb590\" data-element_type=\"column\" data-e-type=\"column\">\n\t\t\t<div class=\"elementor-widget-wrap elementor-element-populated\">\n\t\t\t\t\t\t<div class=\"elementor-element elementor-element-99fbb3b elementor-widget elementor-widget-text-editor\" data-id=\"99fbb3b\" data-element_type=\"widget\" data-e-type=\"widget\" data-widget_type=\"text-editor.default\">\n\t\t\t\t<div class=\"elementor-widget-container\">\n\t\t\t\t\t\t\t\t\t<p>Neste jogo, voc\u00ea n\u00e3o \u00e9 apenas um personagem em uma hist\u00f3ria fixa, mas um indiv\u00edduo com liberdade para criar sua pr\u00f3pria trajet\u00f3ria em uma cidade cheia de vida. Imagine a possibilidade de escolher entre ser um policial que mant\u00e9m a ordem, um m\u00e9dico salvando vidas, ou um empres\u00e1rio gerenciando seu pr\u00f3prio neg\u00f3cio. As op\u00e7\u00f5es s\u00e3o infinitas, e cada escolha que voc\u00ea faz impacta sua vida no jogo, oferecendo uma imers\u00e3o profunda que poucos jogos conseguem igualar.<\/p><p>A verdadeira ess\u00eancia do GTA RP est\u00e1 na intera\u00e7\u00e3o com outros jogadores reais, cada um com suas pr\u00f3prias hist\u00f3rias e objetivos. Voc\u00ea pode formar amizades, criar alian\u00e7as e enfrentar desafios \u00fanicos em uma comunidade din\u00e2mica e envolvente. A experi\u00eancia de viver em uma cidade onde cada pessoa \u00e9 real e onde cada a\u00e7\u00e3o tem consequ\u00eancias concretas \u00e9 absolutamente fascinante.<\/p><p>Se voc\u00ea est\u00e1 procurando um jogo onde sua criatividade e suas escolhas definem o mundo ao seu redor, GTA RP \u00e9 a experi\u00eancia definitiva que voc\u00ea deve experimentar. Prepare-se para mergulhar em um universo onde a realidade e a fic\u00e7\u00e3o se misturam, proporcionando uma aventura emocionante e inesquec\u00edvel a cada sess\u00e3o.<\/p>\t\t\t\t\t\t\t\t<\/div>\n\t\t\t\t<\/div>\n\t\t\t\t\t<\/div>\n\t\t<\/div>\n\t\t\t\t\t<\/div>\n\t\t<\/section>\n\t\t\t\t<section class=\"elementor-section elementor-top-section elementor-element elementor-element-e226552 elementor-section-boxed elementor-section-height-default elementor-section-height-default\" data-id=\"e226552\" data-element_type=\"section\" data-e-type=\"section\" data-settings=\"{&quot;_ha_eqh_enable&quot;:false}\">\n\t\t\t\t\t\t<div class=\"elementor-container elementor-column-gap-default\">\n\t\t\t\t\t<div class=\"elementor-column elementor-col-100 elementor-top-column elementor-element elementor-element-8ca6864\" data-id=\"8ca6864\" data-element_type=\"column\" data-e-type=\"column\">\n\t\t\t<div class=\"elementor-widget-wrap elementor-element-populated\">\n\t\t\t\t\t\t<div class=\"elementor-element elementor-element-1bf3273 elementor-widget elementor-widget-heading\" data-id=\"1bf3273\" data-element_type=\"widget\" data-e-type=\"widget\" data-widget_type=\"heading.default\">\n\t\t\t\t<div class=\"elementor-widget-container\">\n\t\t\t\t\t<h4 class=\"elementor-heading-title elementor-size-default\">Gostou do jogo? Confira nosso guia completo para come\u00e7ar a jogar agora mesmo!<\/h4>\t\t\t\t<\/div>\n\t\t\t\t<\/div>\n\t\t\t\t\t<\/div>\n\t\t<\/div>\n\t\t\t\t\t<\/div>\n\t\t<\/section>\n\t\t\t\t<section class=\"elementor-section elementor-top-section elementor-element elementor-element-8c228a8 elementor-section-boxed elementor-section-height-default elementor-section-height-default\" data-id=\"8c228a8\" data-element_type=\"section\" data-e-type=\"section\" data-settings=\"{&quot;_ha_eqh_enable&quot;:false}\">\n\t\t\t\t\t\t<div class=\"elementor-container elementor-column-gap-default\">\n\t\t\t\t\t<div class=\"elementor-column elementor-col-100 elementor-top-column elementor-element elementor-element-71f1b41\" data-id=\"71f1b41\" data-element_type=\"column\" data-e-type=\"column\">\n\t\t\t<div class=\"elementor-widget-wrap elementor-element-populated\">\n\t\t\t\t\t\t<div class=\"elementor-element elementor-element-7c265dd elementor-align-center elementor-widget elementor-widget-button\" data-id=\"7c265dd\" data-element_type=\"widget\" data-e-type=\"widget\" data-widget_type=\"button.default\">\n\t\t\t\t<div class=\"elementor-widget-container\">\n\t\t\t\t\t\t\t\t\t<div class=\"elementor-button-wrapper\">\n\t\t\t\t\t<a class=\"elementor-button elementor-button-link elementor-size-sm\" href=\"https:\/\/www.malaura.com.br\/en\/jogar-gta-rp-no-celular-veja-como-baixar\/\">\n\t\t\t\t\t\t<span class=\"elementor-button-content-wrapper\">\n\t\t\t\t\t\t\t\t\t<span class=\"elementor-button-text\"> \u27a1\ufe0f BAIXAR AGORA!<\/span>\n\t\t\t\t\t<\/span>\n\t\t\t\t\t<\/a>\n\t\t\t\t<\/div>\n\t\t\t\t\t\t\t\t<\/div>\n\t\t\t\t<\/div>\n\t\t\t\t\t<\/div>\n\t\t<\/div>\n\t\t\t\t\t<\/div>\n\t\t<\/section>\n\t\t\t\t<\/div>","protected":false},"excerpt":{"rendered":"<p>GTA RP \u00e9 um jogo onde voc\u00ea interpreta um personagem espec\u00edfico no mundo de GTA V, vivendo aventuras e interagindo com outros jogadores como se estivesse na vida real. \u27a1\ufe0f QUERO JOGAR! GTA RP \u00e9 onde voc\u00ea assume um personagem e vive dramas \u00fanicos, desde romances improv\u00e1veis at\u00e9 resgates emocionantes! \u27a1\ufe0f QUERO JOGAR! GTA RP &#8230; <a title=\"PRE URL\" class=\"read-more\" href=\"http:\/\/www.malaura.com.br\/en\/pre-url-gta\/\" aria-label=\"Read more about PRE URL\">Read more<\/a><\/p>","protected":false},"author":3,"featured_media":0,"parent":0,"menu_order":0,"comment_status":"closed","ping_status":"closed","template":"elementor_header_footer","meta":{"footnotes":""},"class_list":["post-12787","page","type-page","status-publish"],"yoast_head":"<!-- This site is optimized with the Yoast SEO plugin v27.3 - https:\/\/yoast.com\/product\/yoast-seo-wordpress\/ -->\n<title>PRE URL -<\/title>\n<meta name=\"robots\" content=\"index, follow, max-snippet:-1, max-image-preview:large, max-video-preview:-1\" \/>\n<link rel=\"canonical\" href=\"http:\/\/www.malaura.com.br\/en\/pre-url-gta\/\" \/>\n<meta property=\"og:locale\" content=\"en_US\" \/>\n<meta property=\"og:type\" content=\"article\" \/>\n<meta property=\"og:title\" content=\"PRE URL -\" \/>\n<meta property=\"og:description\" content=\"GTA RP \u00e9 um jogo onde voc\u00ea interpreta um personagem espec\u00edfico no mundo de GTA V, vivendo aventuras e interagindo com outros jogadores como se estivesse na vida real. \u27a1\ufe0f QUERO JOGAR! GTA RP \u00e9 onde voc\u00ea assume um personagem e vive dramas \u00fanicos, desde romances improv\u00e1veis at\u00e9 resgates emocionantes! \u27a1\ufe0f QUERO JOGAR! GTA RP ... Read more\" \/>\n<meta property=\"og:url\" content=\"http:\/\/www.malaura.com.br\/en\/pre-url-gta\/\" \/>\n<meta property=\"article:modified_time\" content=\"2024-07-30T15:13:12+00:00\" \/>\n<meta property=\"og:image\" content=\"http:\/\/www.malaura.com.br\/wp-content\/uploads\/2024\/07\/64399d74c8d85_Easy-Resize.com_-1024x576.jpg\" \/>\n<meta name=\"twitter:card\" content=\"summary_large_image\" \/>\n<meta name=\"twitter:label1\" content=\"Est. reading time\" \/>\n\t<meta name=\"twitter:data1\" content=\"3 minutes\" \/>\n<script type=\"application\/ld+json\" class=\"yoast-schema-graph\">{\"@context\":\"https:\\\/\\\/schema.org\",\"@graph\":[{\"@type\":\"WebPage\",\"@id\":\"http:\\\/\\\/www.malaura.com.br\\\/es\\\/pre-url-gta\\\/\",\"url\":\"http:\\\/\\\/www.malaura.com.br\\\/es\\\/pre-url-gta\\\/\",\"name\":\"PRE URL -\",\"isPartOf\":{\"@id\":\"http:\\\/\\\/www.malaura.com.br\\\/#website\"},\"primaryImageOfPage\":{\"@id\":\"http:\\\/\\\/www.malaura.com.br\\\/es\\\/pre-url-gta\\\/#primaryimage\"},\"image\":{\"@id\":\"http:\\\/\\\/www.malaura.com.br\\\/es\\\/pre-url-gta\\\/#primaryimage\"},\"thumbnailUrl\":\"http:\\\/\\\/www.malaura.com.br\\\/wp-content\\\/uploads\\\/2024\\\/07\\\/64399d74c8d85_Easy-Resize.com_-1024x576.jpg\",\"datePublished\":\"2024-07-24T13:01:50+00:00\",\"dateModified\":\"2024-07-30T15:13:12+00:00\",\"breadcrumb\":{\"@id\":\"http:\\\/\\\/www.malaura.com.br\\\/es\\\/pre-url-gta\\\/#breadcrumb\"},\"inLanguage\":\"en-US\",\"potentialAction\":[{\"@type\":\"ReadAction\",\"target\":[\"http:\\\/\\\/www.malaura.com.br\\\/es\\\/pre-url-gta\\\/\"]}]},{\"@type\":\"ImageObject\",\"inLanguage\":\"en-US\",\"@id\":\"http:\\\/\\\/www.malaura.com.br\\\/es\\\/pre-url-gta\\\/#primaryimage\",\"url\":\"http:\\\/\\\/www.malaura.com.br\\\/wp-content\\\/uploads\\\/2024\\\/07\\\/64399d74c8d85_Easy-Resize.com_-1024x576.jpg\",\"contentUrl\":\"http:\\\/\\\/www.malaura.com.br\\\/wp-content\\\/uploads\\\/2024\\\/07\\\/64399d74c8d85_Easy-Resize.com_-1024x576.jpg\"},{\"@type\":\"BreadcrumbList\",\"@id\":\"http:\\\/\\\/www.malaura.com.br\\\/es\\\/pre-url-gta\\\/#breadcrumb\",\"itemListElement\":[{\"@type\":\"ListItem\",\"position\":1,\"name\":\"In\u00edcio\",\"item\":\"http:\\\/\\\/www.malaura.com.br\\\/\"},{\"@type\":\"ListItem\",\"position\":2,\"name\":\"PRE URL\"}]},{\"@type\":\"WebSite\",\"@id\":\"http:\\\/\\\/www.malaura.com.br\\\/#website\",\"url\":\"http:\\\/\\\/www.malaura.com.br\\\/\",\"name\":\"\",\"description\":\"\",\"potentialAction\":[{\"@type\":\"SearchAction\",\"target\":{\"@type\":\"EntryPoint\",\"urlTemplate\":\"http:\\\/\\\/www.malaura.com.br\\\/?s={search_term_string}\"},\"query-input\":{\"@type\":\"PropertyValueSpecification\",\"valueRequired\":true,\"valueName\":\"search_term_string\"}}],\"inLanguage\":\"en-US\"}]}<\/script>\n<!-- \/ Yoast SEO plugin. -->","yoast_head_json":{"title":"PRE URL -","robots":{"index":"index","follow":"follow","max-snippet":"max-snippet:-1","max-image-preview":"max-image-preview:large","max-video-preview":"max-video-preview:-1"},"canonical":"http:\/\/www.malaura.com.br\/en\/pre-url-gta\/","og_locale":"en_US","og_type":"article","og_title":"PRE URL -","og_description":"GTA RP \u00e9 um jogo onde voc\u00ea interpreta um personagem espec\u00edfico no mundo de GTA V, vivendo aventuras e interagindo com outros jogadores como se estivesse na vida real. \u27a1\ufe0f QUERO JOGAR! GTA RP \u00e9 onde voc\u00ea assume um personagem e vive dramas \u00fanicos, desde romances improv\u00e1veis at\u00e9 resgates emocionantes! \u27a1\ufe0f QUERO JOGAR! GTA RP ... Read more","og_url":"http:\/\/www.malaura.com.br\/en\/pre-url-gta\/","article_modified_time":"2024-07-30T15:13:12+00:00","og_image":[{"url":"http:\/\/www.malaura.com.br\/wp-content\/uploads\/2024\/07\/64399d74c8d85_Easy-Resize.com_-1024x576.jpg","type":"","width":"","height":""}],"twitter_card":"summary_large_image","twitter_misc":{"Est. reading time":"3 minutes"},"schema":{"@context":"https:\/\/schema.org","@graph":[{"@type":"WebPage","@id":"http:\/\/www.malaura.com.br\/es\/pre-url-gta\/","url":"http:\/\/www.malaura.com.br\/es\/pre-url-gta\/","name":"PRE URL -","isPartOf":{"@id":"http:\/\/www.malaura.com.br\/#website"},"primaryImageOfPage":{"@id":"http:\/\/www.malaura.com.br\/es\/pre-url-gta\/#primaryimage"},"image":{"@id":"http:\/\/www.malaura.com.br\/es\/pre-url-gta\/#primaryimage"},"thumbnailUrl":"http:\/\/www.malaura.com.br\/wp-content\/uploads\/2024\/07\/64399d74c8d85_Easy-Resize.com_-1024x576.jpg","datePublished":"2024-07-24T13:01:50+00:00","dateModified":"2024-07-30T15:13:12+00:00","breadcrumb":{"@id":"http:\/\/www.malaura.com.br\/es\/pre-url-gta\/#breadcrumb"},"inLanguage":"en-US","potentialAction":[{"@type":"ReadAction","target":["http:\/\/www.malaura.com.br\/es\/pre-url-gta\/"]}]},{"@type":"ImageObject","inLanguage":"en-US","@id":"http:\/\/www.malaura.com.br\/es\/pre-url-gta\/#primaryimage","url":"http:\/\/www.malaura.com.br\/wp-content\/uploads\/2024\/07\/64399d74c8d85_Easy-Resize.com_-1024x576.jpg","contentUrl":"http:\/\/www.malaura.com.br\/wp-content\/uploads\/2024\/07\/64399d74c8d85_Easy-Resize.com_-1024x576.jpg"},{"@type":"BreadcrumbList","@id":"http:\/\/www.malaura.com.br\/es\/pre-url-gta\/#breadcrumb","itemListElement":[{"@type":"ListItem","position":1,"name":"In\u00edcio","item":"http:\/\/www.malaura.com.br\/"},{"@type":"ListItem","position":2,"name":"PRE URL"}]},{"@type":"WebSite","@id":"http:\/\/www.malaura.com.br\/#website","url":"http:\/\/www.malaura.com.br\/","name":"","description":"","potentialAction":[{"@type":"SearchAction","target":{"@type":"EntryPoint","urlTemplate":"http:\/\/www.malaura.com.br\/?s={search_term_string}"},"query-input":{"@type":"PropertyValueSpecification","valueRequired":true,"valueName":"search_term_string"}}],"inLanguage":"en-US"}]}},"_links":{"self":[{"href":"http:\/\/www.malaura.com.br\/en\/wp-json\/wp\/v2\/pages\/12787","targetHints":{"allow":["GET"]}}],"collection":[{"href":"http:\/\/www.malaura.com.br\/en\/wp-json\/wp\/v2\/pages"}],"about":[{"href":"http:\/\/www.malaura.com.br\/en\/wp-json\/wp\/v2\/types\/page"}],"author":[{"embeddable":true,"href":"http:\/\/www.malaura.com.br\/en\/wp-json\/wp\/v2\/users\/3"}],"replies":[{"embeddable":true,"href":"http:\/\/www.malaura.com.br\/en\/wp-json\/wp\/v2\/comments?post=12787"}],"version-history":[{"count":5,"href":"http:\/\/www.malaura.com.br\/en\/wp-json\/wp\/v2\/pages\/12787\/revisions"}],"predecessor-version":[{"id":12855,"href":"http:\/\/www.malaura.com.br\/en\/wp-json\/wp\/v2\/pages\/12787\/revisions\/12855"}],"wp:attachment":[{"href":"http:\/\/www.malaura.com.br\/en\/wp-json\/wp\/v2\/media?parent=12787"}],"curies":[{"name":"wp","href":"https:\/\/api.w.org\/{rel}","templated":true}]}}