{"id":12478,"date":"2024-07-08T12:09:30","date_gmt":"2024-07-08T15:09:30","guid":{"rendered":"https:\/\/www.malaura.com.br\/?page_id=12478"},"modified":"2024-07-08T16:02:31","modified_gmt":"2024-07-08T19:02:31","slug":"quiz-cartao","status":"publish","type":"page","link":"http:\/\/www.malaura.com.br\/es\/quiz-cartao\/","title":{"rendered":"QUIZ CARTAO"},"content":{"rendered":"\t\t<div data-elementor-type=\"wp-page\" data-elementor-id=\"12478\" class=\"elementor elementor-12478\" data-elementor-settings=\"{&quot;ha_cmc_init_switcher&quot;:&quot;no&quot;}\" data-elementor-post-type=\"page\">\n\t\t\t\t\t\t<section class=\"elementor-section elementor-top-section elementor-element elementor-element-25f52406 elementor-section-boxed elementor-section-height-default elementor-section-height-default\" data-id=\"25f52406\" data-element_type=\"section\" data-e-type=\"section\" data-settings=\"{&quot;background_background&quot;:&quot;classic&quot;,&quot;_ha_eqh_enable&quot;:false}\">\n\t\t\t\t\t\t<div class=\"elementor-container elementor-column-gap-default\">\n\t\t\t\t\t<div class=\"elementor-column elementor-col-100 elementor-top-column elementor-element elementor-element-3d842bc3\" data-id=\"3d842bc3\" data-element_type=\"column\" data-e-type=\"column\">\n\t\t\t<div class=\"elementor-widget-wrap elementor-element-populated\">\n\t\t\t\t\t\t<div class=\"elementor-element elementor-element-73b05036 elementor-widget elementor-widget-heading\" data-id=\"73b05036\" data-element_type=\"widget\" data-e-type=\"widget\" data-widget_type=\"heading.default\">\n\t\t\t\t<div class=\"elementor-widget-container\">\n\t\t\t\t\t<h1 class=\"elementor-heading-title elementor-size-default\">Descubra qual \u00e9 o cart\u00e3o de cr\u00e9dito ideal para voc\u00ea\n<\/h1>\t\t\t\t<\/div>\n\t\t\t\t<\/div>\n\t\t\t\t<div class=\"elementor-element elementor-element-5755cfec animated-fast elementor-button-align-stretch elementor-invisible elementor-widget elementor-widget-form\" data-id=\"5755cfec\" data-element_type=\"widget\" data-e-type=\"widget\" data-settings=\"{&quot;step_next_label&quot;:&quot;Pr\\u00f3ximo&quot;,&quot;step_previous_label&quot;:&quot;Voltar&quot;,&quot;step_type&quot;:&quot;none&quot;,&quot;_animation&quot;:&quot;fadeIn&quot;,&quot;_animation_delay&quot;:2000,&quot;button_width&quot;:&quot;100&quot;,&quot;step_icon_shape&quot;:&quot;circle&quot;}\" data-widget_type=\"form.default\">\n\t\t\t\t<div class=\"elementor-widget-container\">\n\t\t\t\t\t\t\t<form class=\"elementor-form\" method=\"post\" name=\"quiz\" aria-label=\"quiz\">\n\t\t\t<input type=\"hidden\" name=\"post_id\" value=\"12478\"\/>\n\t\t\t<input type=\"hidden\" name=\"form_id\" value=\"5755cfec\"\/>\n\t\t\t<input type=\"hidden\" name=\"referer_title\" value=\"QUIZ CARTAO -\" \/>\n\n\t\t\t\t\t\t\t<input type=\"hidden\" name=\"queried_id\" value=\"12478\"\/>\n\t\t\t\n\t\t\t<div class=\"elementor-form-fields-wrapper elementor-labels-above\">\n\t\t\t\t\t\t\t\t<div class=\"elementor-field-type-step elementor-field-group elementor-column elementor-field-group-name elementor-col-100\">\n\t\t\t\t\t\t\t<div class=\"e-field-step elementor-hidden\" data-label=\"O que \u00e9 mais importante em um cart\u00e3o de cr\u00e9dito para voc\u00ea?\" data-previousButton=\"\" data-nextButton=\"\" data-iconUrl=\"\" data-iconLibrary=\"fas fa-star\" data-icon=\"\" ><\/div>\n\n\t\t\t\t\t\t<\/div>\n\t\t\t\t\t\t\t\t<div class=\"elementor-field-type-radio elementor-field-group elementor-column elementor-field-group-Importante elementor-col-100 elementor-field-required\">\n\t\t\t\t\t\t\t\t\t\t\t\t<label for=\"form-field-Importante\" class=\"elementor-field-label\">\n\t\t\t\t\t\t\t\tO que \u00e9 mais importante em um cart\u00e3o de cr\u00e9dito para voc\u00ea?\t\t\t\t\t\t\t<\/label>\n\t\t\t\t\t\t<div class=\"elementor-field-subgroup  \"><span class=\"elementor-field-option\"><input type=\"radio\" value=\"limite\" id=\"form-field-Importante-0\" name=\"form_fields[Importante]\" required=\"required\"> <label for=\"form-field-Importante-0\">Limite de Cr\u00e9dito Alto<\/label><\/span><span class=\"elementor-field-option\"><input type=\"radio\" value=\"semconsulta\" id=\"form-field-Importante-1\" name=\"form_fields[Importante]\" required=\"required\"> <label for=\"form-field-Importante-1\">Sem Consulta ao SPC\/Serasa<\/label><\/span><span class=\"elementor-field-option\"><input type=\"radio\" value=\"anuidade\" id=\"form-field-Importante-2\" name=\"form_fields[Importante]\" required=\"required\"> <label for=\"form-field-Importante-2\">Anuidade Gr\u00e1tis<\/label><\/span><\/div>\t\t\t\t<\/div>\n\t\t\t\t\t\t\t\t<div class=\"elementor-field-type-step elementor-field-group elementor-column elementor-field-group-field_b496695 elementor-col-100\">\n\t\t\t\t\t\t\t<div class=\"e-field-step elementor-hidden\" data-label=\"Em qual grupo voc\u00ea se encaixa?\" data-previousButton=\"\" data-nextButton=\"\" data-iconUrl=\"\" data-iconLibrary=\"fas fa-star\" data-icon=\"\" ><\/div>\n\n\t\t\t\t\t\t<\/div>\n\t\t\t\t\t\t\t\t<div class=\"elementor-field-type-radio elementor-field-group elementor-column elementor-field-group-field_156b2f7 elementor-col-100 elementor-field-required\">\n\t\t\t\t\t\t\t\t\t\t\t\t<label for=\"form-field-field_156b2f7\" class=\"elementor-field-label\">\n\t\t\t\t\t\t\t\tEm qual grupo voc\u00ea se encaixa?\t\t\t\t\t\t\t<\/label>\n\t\t\t\t\t\t<div class=\"elementor-field-subgroup  \"><span class=\"elementor-field-option\"><input type=\"radio\" value=\"clt\" id=\"form-field-field_156b2f7-0\" name=\"form_fields[field_156b2f7]\" required=\"required\"> <label for=\"form-field-field_156b2f7-0\">Carteira Assinada<\/label><\/span><span class=\"elementor-field-option\"><input type=\"radio\" value=\"autonomo\" id=\"form-field-field_156b2f7-1\" name=\"form_fields[field_156b2f7]\" required=\"required\"> <label for=\"form-field-field_156b2f7-1\">Aut\u00f4nomo<\/label><\/span><span class=\"elementor-field-option\"><input type=\"radio\" value=\"empreendedor\" id=\"form-field-field_156b2f7-2\" name=\"form_fields[field_156b2f7]\" required=\"required\"> <label for=\"form-field-field_156b2f7-2\">Empreendedor<\/label><\/span><span class=\"elementor-field-option\"><input type=\"radio\" value=\"aposentado\" id=\"form-field-field_156b2f7-3\" name=\"form_fields[field_156b2f7]\" required=\"required\"> <label for=\"form-field-field_156b2f7-3\">Estou Aposentado \/ Pensionista<\/label><\/span><span class=\"elementor-field-option\"><input type=\"radio\" value=\"servidor\" id=\"form-field-field_156b2f7-4\" name=\"form_fields[field_156b2f7]\" required=\"required\"> <label for=\"form-field-field_156b2f7-4\">Servidor P\u00fablico<\/label><\/span><span class=\"elementor-field-option\"><input type=\"radio\" value=\"estudante\" id=\"form-field-field_156b2f7-5\" name=\"form_fields[field_156b2f7]\" required=\"required\"> <label for=\"form-field-field_156b2f7-5\">Concurseiro \/ Estudante<\/label><\/span><\/div>\t\t\t\t<\/div>\n\t\t\t\t\t\t\t\t<div class=\"elementor-field-type-step elementor-field-group elementor-column elementor-field-group-field_cc2a570 elementor-col-100\">\n\t\t\t\t\t\t\t<div class=\"e-field-step elementor-hidden\" data-label=\"Qual \u00e9 a sua renda mensal?\" data-previousButton=\"\" data-nextButton=\"\" data-iconUrl=\"\" data-iconLibrary=\"fas fa-star\" data-icon=\"\" ><\/div>\n\n\t\t\t\t\t\t<\/div>\n\t\t\t\t\t\t\t\t<div class=\"elementor-field-type-radio elementor-field-group elementor-column elementor-field-group-field_528f50e elementor-col-100 elementor-field-required\">\n\t\t\t\t\t\t\t\t\t\t\t\t<label for=\"form-field-field_528f50e\" class=\"elementor-field-label\">\n\t\t\t\t\t\t\t\tQual \u00e9 a sua renda mensal?\t\t\t\t\t\t\t<\/label>\n\t\t\t\t\t\t<div class=\"elementor-field-subgroup  \"><span class=\"elementor-field-option\"><input type=\"radio\" value=\"1000\" id=\"form-field-field_528f50e-0\" name=\"form_fields[field_528f50e]\" required=\"required\"> <label for=\"form-field-field_528f50e-0\">At\u00e9 R$1.000<\/label><\/span><span class=\"elementor-field-option\"><input type=\"radio\" value=\"2000\" id=\"form-field-field_528f50e-1\" name=\"form_fields[field_528f50e]\" required=\"required\"> <label for=\"form-field-field_528f50e-1\">Entre R$1.001 e R$2.000<\/label><\/span><span class=\"elementor-field-option\"><input type=\"radio\" value=\"3999\" id=\"form-field-field_528f50e-2\" name=\"form_fields[field_528f50e]\" required=\"required\"> <label for=\"form-field-field_528f50e-2\">Entre R$2.001 e R$3.999<\/label><\/span><span class=\"elementor-field-option\"><input type=\"radio\" value=\"4000\" id=\"form-field-field_528f50e-3\" name=\"form_fields[field_528f50e]\" required=\"required\"> <label for=\"form-field-field_528f50e-3\">Acima de R$4.000<\/label><\/span><\/div>\t\t\t\t<\/div>\n\t\t\t\t\t\t\t\t<div class=\"elementor-field-type-step elementor-field-group elementor-column elementor-field-group-field_0e6a8d8 elementor-col-100\">\n\t\t\t\t\t\t\t<div class=\"e-field-step elementor-hidden\" data-label=\"Voc\u00ea est\u00e1 negativado?\" data-previousButton=\"\" data-nextButton=\"\" data-iconUrl=\"\" data-iconLibrary=\"fas fa-star\" data-icon=\"\" ><\/div>\n\n\t\t\t\t\t\t<\/div>\n\t\t\t\t\t\t\t\t<div class=\"elementor-field-type-radio elementor-field-group elementor-column elementor-field-group-field_85309a0 elementor-col-100 elementor-field-required\">\n\t\t\t\t\t\t\t\t\t\t\t\t<label for=\"form-field-field_85309a0\" class=\"elementor-field-label\">\n\t\t\t\t\t\t\t\tVoc\u00ea est\u00e1 negativado?\t\t\t\t\t\t\t<\/label>\n\t\t\t\t\t\t<div class=\"elementor-field-subgroup  \"><span class=\"elementor-field-option\"><input type=\"radio\" value=\"sim\" id=\"form-field-field_85309a0-0\" name=\"form_fields[field_85309a0]\" required=\"required\"> <label for=\"form-field-field_85309a0-0\">Sim<\/label><\/span><span class=\"elementor-field-option\"><input type=\"radio\" value=\"nao\" id=\"form-field-field_85309a0-1\" name=\"form_fields[field_85309a0]\" required=\"required\"> <label for=\"form-field-field_85309a0-1\">N\u00e3o<\/label><\/span><\/div>\t\t\t\t<\/div>\n\t\t\t\t\t\t\t\t<div class=\"elementor-field-type-step elementor-field-group elementor-column elementor-field-group-field_fadb5eb elementor-col-100\">\n\t\t\t\t\t\t\t<div class=\"e-field-step elementor-hidden\" data-label=\"Fant\u00e1stico!\" data-previousButton=\"\" data-nextButton=\"\" data-iconUrl=\"\" data-iconLibrary=\"fas fa-star\" data-icon=\"\" ><\/div>\n\n\t\t\t\t\t\t<\/div>\n\t\t\t\t\t\t\t\t<div class=\"elementor-field-type-text elementor-field-group elementor-column elementor-field-group-nome elementor-col-100 elementor-field-required\">\n\t\t\t\t\t\t\t\t\t\t\t\t<label for=\"form-field-nome\" class=\"elementor-field-label\">\n\t\t\t\t\t\t\t\tFant\u00e1stico! <br> <p>Encontramos o cart\u00e3o de cr\u00e9dito perfeito para voc\u00ea.  Para ver nossa recomenda\u00e7\u00e3o, insira seus dados abaixo.<\/p>\t\t\t\t\t\t\t<\/label>\n\t\t\t\t\t\t\t\t\t\t\t\t\t\t<input size=\"1\" type=\"text\" name=\"form_fields[nome]\" id=\"form-field-nome\" class=\"elementor-field elementor-size-md  elementor-field-textual\" placeholder=\"Seu Primeiro Nome\" required=\"required\">\n\t\t\t\t\t\t\t\t\t\t\t<\/div>\n\t\t\t\t\t\t\t\t<div class=\"elementor-field-type-email elementor-field-group elementor-column elementor-field-group-Email elementor-col-100 elementor-field-required\">\n\t\t\t\t\t\t\t\t\t\t\t\t\t<input size=\"1\" type=\"email\" name=\"form_fields[Email]\" id=\"form-field-Email\" class=\"elementor-field elementor-size-md  elementor-field-textual\" placeholder=\"Insira seu Email\" required=\"required\">\n\t\t\t\t\t\t\t\t\t\t\t<\/div>\n\t\t\t\t\t\t\t\t<div class=\"elementor-field-group elementor-column elementor-field-type-submit elementor-col-100 e-form__buttons\">\n\t\t\t\t\t<button class=\"elementor-button elementor-size-lg\" type=\"submit\">\n\t\t\t\t\t\t<span class=\"elementor-button-content-wrapper\">\n\t\t\t\t\t\t\t\t\t\t\t\t\t\t\t\t\t\t\t\t\t\t<span class=\"elementor-button-text\">SIM! Eu Quero!<\/span>\n\t\t\t\t\t\t\t\t\t\t\t\t\t<\/span>\n\t\t\t\t\t<\/button>\n\t\t\t\t<\/div>\n\t\t\t<\/div>\n\t\t<\/form>\n\t\t\t\t\t\t<\/div>\n\t\t\t\t<\/div>\n\t\t\t\t<div class=\"elementor-element elementor-element-5570789e elementor-widget elementor-widget-text-editor\" data-id=\"5570789e\" data-element_type=\"widget\" data-e-type=\"widget\" data-widget_type=\"text-editor.default\">\n\t\t\t\t<div class=\"elementor-widget-container\">\n\t\t\t\t\t\t\t\t\t<p>Responda as perguntas a seguir.<br \/>(Leva menos de 1 minuto)<\/p>\t\t\t\t\t\t\t\t<\/div>\n\t\t\t\t<\/div>\n\t\t\t\t<div class=\"elementor-element elementor-element-333cb06b elementor-mobile-align-center spin_loading elementor-align-center elementor-widget elementor-widget-lottie\" data-id=\"333cb06b\" data-element_type=\"widget\" data-e-type=\"widget\" data-settings=\"{&quot;source&quot;:&quot;external_url&quot;,&quot;source_external_url&quot;:{&quot;url&quot;:&quot;https:\\\/\\\/assets6.lottiefiles.com\\\/packages\\\/lf20_dXaGKl.json&quot;,&quot;is_external&quot;:&quot;&quot;,&quot;nofollow&quot;:&quot;&quot;,&quot;custom_attributes&quot;:&quot;&quot;},&quot;link_to&quot;:&quot;none&quot;,&quot;trigger&quot;:&quot;arriving_to_viewport&quot;,&quot;viewport&quot;:{&quot;unit&quot;:&quot;%&quot;,&quot;size&quot;:&quot;&quot;,&quot;sizes&quot;:{&quot;start&quot;:0,&quot;end&quot;:100}},&quot;play_speed&quot;:{&quot;unit&quot;:&quot;px&quot;,&quot;size&quot;:1,&quot;sizes&quot;:[]},&quot;start_point&quot;:{&quot;unit&quot;:&quot;%&quot;,&quot;size&quot;:0,&quot;sizes&quot;:[]},&quot;end_point&quot;:{&quot;unit&quot;:&quot;%&quot;,&quot;size&quot;:100,&quot;sizes&quot;:[]},&quot;renderer&quot;:&quot;svg&quot;}\" data-widget_type=\"lottie.default\">\n\t\t\t\t<div class=\"elementor-widget-container\">\n\t\t\t\t\t<div class=\"e-lottie__container\"><div class=\"e-lottie__animation\"><\/div><\/div>\t\t\t\t<\/div>\n\t\t\t\t<\/div>\n\t\t\t\t\t<\/div>\n\t\t<\/div>\n\t\t\t\t\t<\/div>\n\t\t<\/section>\n\t\t\t\t<section class=\"elementor-section elementor-top-section elementor-element elementor-element-691aa497 elementor-section-boxed elementor-section-height-default elementor-section-height-default\" data-id=\"691aa497\" data-element_type=\"section\" data-e-type=\"section\" data-settings=\"{&quot;background_background&quot;:&quot;classic&quot;,&quot;_ha_eqh_enable&quot;:false}\">\n\t\t\t\t\t\t<div class=\"elementor-container elementor-column-gap-default\">\n\t\t\t\t\t<div class=\"elementor-column elementor-col-100 elementor-top-column elementor-element elementor-element-2e360701\" data-id=\"2e360701\" data-element_type=\"column\" data-e-type=\"column\">\n\t\t\t<div class=\"elementor-widget-wrap elementor-element-populated\">\n\t\t\t\t\t\t<div class=\"elementor-element elementor-element-7558bae7 elementor-widget elementor-widget-html\" data-id=\"7558bae7\" data-element_type=\"widget\" data-e-type=\"widget\" data-widget_type=\"html.default\">\n\t\t\t\t<div class=\"elementor-widget-container\">\n\t\t\t\t\t<script>\r\nsetTimeout(function(){ \r\nvar loading = document.querySelector(\".spin_loading\");\r\nvar input = document.querySelectorAll('input');\r\nlet next = document.querySelectorAll('.e-form__buttons__wrapper__button-next');\r\nvar count = 0;\r\n\r\ninput.forEach(el => {\r\n    el.addEventListener('click', (e) => {\r\n        next[count].click();\r\n        count++;\r\n    });\r\n});\r\nloading.style.display = \"none\";\r\n}, 3000);\r\n<\/script>\t\t\t\t<\/div>\n\t\t\t\t<\/div>\n\t\t\t\t\t<\/div>\n\t\t<\/div>\n\t\t\t\t\t<\/div>\n\t\t<\/section>\n\t\t\t\t<section class=\"elementor-section elementor-top-section elementor-element elementor-element-767a3f34 elementor-section-boxed elementor-section-height-default elementor-section-height-default\" data-id=\"767a3f34\" data-element_type=\"section\" data-e-type=\"section\" data-settings=\"{&quot;background_background&quot;:&quot;classic&quot;,&quot;_ha_eqh_enable&quot;:false}\">\n\t\t\t\t\t\t<div class=\"elementor-container elementor-column-gap-default\">\n\t\t\t\t\t<div class=\"elementor-column elementor-col-100 elementor-top-column elementor-element elementor-element-208ad4ae\" data-id=\"208ad4ae\" data-element_type=\"column\" data-e-type=\"column\">\n\t\t\t<div class=\"elementor-widget-wrap elementor-element-populated\">\n\t\t\t\t\t\t<div class=\"elementor-element elementor-element-53f60a12 elementor-widget elementor-widget-text-editor\" data-id=\"53f60a12\" data-element_type=\"widget\" data-e-type=\"widget\" data-widget_type=\"text-editor.default\">\n\t\t\t\t<div class=\"elementor-widget-container\">\n\t\t\t\t\t\t\t\t\t<p>\u00a9 2021 &#8211; Todos os direitos reservados<\/p>\t\t\t\t\t\t\t\t<\/div>\n\t\t\t\t<\/div>\n\t\t\t\t\t<\/div>\n\t\t<\/div>\n\t\t\t\t\t<\/div>\n\t\t<\/section>\n\t\t\t\t<\/div>\n\t\t","protected":false},"excerpt":{"rendered":"<p>Descubra qual \u00e9 o cart\u00e3o de cr\u00e9dito ideal para voc\u00ea Responda as perguntas a seguir.(Leva menos de 1 minuto) \u00a9 2021 &#8211; Todos os direitos reservados<\/p>","protected":false},"author":3,"featured_media":0,"parent":0,"menu_order":0,"comment_status":"closed","ping_status":"closed","template":"elementor_canvas","meta":{"footnotes":""},"class_list":["post-12478","page","type-page","status-publish"],"yoast_head":"<!-- This site is optimized with the Yoast SEO plugin v27.4 - https:\/\/yoast.com\/product\/yoast-seo-wordpress\/ -->\n<title>QUIZ CARTAO -<\/title>\n<meta name=\"robots\" content=\"index, follow, max-snippet:-1, max-image-preview:large, max-video-preview:-1\" \/>\n<link rel=\"canonical\" href=\"http:\/\/www.malaura.com.br\/es\/quiz-cartao\/\" \/>\n<meta property=\"og:locale\" content=\"es_MX\" \/>\n<meta property=\"og:type\" content=\"article\" \/>\n<meta property=\"og:title\" content=\"QUIZ CARTAO -\" \/>\n<meta property=\"og:description\" content=\"Descubra qual \u00e9 o cart\u00e3o de cr\u00e9dito ideal para voc\u00ea Responda as perguntas a seguir.(Leva menos de 1 minuto) \u00a9 2021 &#8211; Todos os direitos reservados\" \/>\n<meta property=\"og:url\" content=\"http:\/\/www.malaura.com.br\/es\/quiz-cartao\/\" \/>\n<meta property=\"article:modified_time\" content=\"2024-07-08T19:02:31+00:00\" \/>\n<meta name=\"twitter:card\" content=\"summary_large_image\" \/>\n<script type=\"application\/ld+json\" class=\"yoast-schema-graph\">{\"@context\":\"https:\\\/\\\/schema.org\",\"@graph\":[{\"@type\":\"WebPage\",\"@id\":\"http:\\\/\\\/www.malaura.com.br\\\/quiz-cartao\\\/\",\"url\":\"http:\\\/\\\/www.malaura.com.br\\\/quiz-cartao\\\/\",\"name\":\"QUIZ CARTAO -\",\"isPartOf\":{\"@id\":\"https:\\\/\\\/www.malaura.com.br\\\/#website\"},\"datePublished\":\"2024-07-08T15:09:30+00:00\",\"dateModified\":\"2024-07-08T19:02:31+00:00\",\"breadcrumb\":{\"@id\":\"http:\\\/\\\/www.malaura.com.br\\\/quiz-cartao\\\/#breadcrumb\"},\"inLanguage\":\"es\",\"potentialAction\":[{\"@type\":\"ReadAction\",\"target\":[\"http:\\\/\\\/www.malaura.com.br\\\/quiz-cartao\\\/\"]}]},{\"@type\":\"BreadcrumbList\",\"@id\":\"http:\\\/\\\/www.malaura.com.br\\\/quiz-cartao\\\/#breadcrumb\",\"itemListElement\":[{\"@type\":\"ListItem\",\"position\":1,\"name\":\"In\u00edcio\",\"item\":\"https:\\\/\\\/www.malaura.com.br\\\/\"},{\"@type\":\"ListItem\",\"position\":2,\"name\":\"QUIZ CARTAO\"}]},{\"@type\":\"WebSite\",\"@id\":\"https:\\\/\\\/www.malaura.com.br\\\/#website\",\"url\":\"https:\\\/\\\/www.malaura.com.br\\\/\",\"name\":\"\",\"description\":\"\",\"potentialAction\":[{\"@type\":\"SearchAction\",\"target\":{\"@type\":\"EntryPoint\",\"urlTemplate\":\"https:\\\/\\\/www.malaura.com.br\\\/?s={search_term_string}\"},\"query-input\":{\"@type\":\"PropertyValueSpecification\",\"valueRequired\":true,\"valueName\":\"search_term_string\"}}],\"inLanguage\":\"es\"}]}<\/script>\n<!-- \/ Yoast SEO plugin. -->","yoast_head_json":{"title":"QUIZ CARTAO -","robots":{"index":"index","follow":"follow","max-snippet":"max-snippet:-1","max-image-preview":"max-image-preview:large","max-video-preview":"max-video-preview:-1"},"canonical":"http:\/\/www.malaura.com.br\/es\/quiz-cartao\/","og_locale":"es_MX","og_type":"article","og_title":"QUIZ CARTAO -","og_description":"Descubra qual \u00e9 o cart\u00e3o de cr\u00e9dito ideal para voc\u00ea Responda as perguntas a seguir.(Leva menos de 1 minuto) \u00a9 2021 &#8211; Todos os direitos reservados","og_url":"http:\/\/www.malaura.com.br\/es\/quiz-cartao\/","article_modified_time":"2024-07-08T19:02:31+00:00","twitter_card":"summary_large_image","schema":{"@context":"https:\/\/schema.org","@graph":[{"@type":"WebPage","@id":"http:\/\/www.malaura.com.br\/quiz-cartao\/","url":"http:\/\/www.malaura.com.br\/quiz-cartao\/","name":"QUIZ CARTAO -","isPartOf":{"@id":"https:\/\/www.malaura.com.br\/#website"},"datePublished":"2024-07-08T15:09:30+00:00","dateModified":"2024-07-08T19:02:31+00:00","breadcrumb":{"@id":"http:\/\/www.malaura.com.br\/quiz-cartao\/#breadcrumb"},"inLanguage":"es","potentialAction":[{"@type":"ReadAction","target":["http:\/\/www.malaura.com.br\/quiz-cartao\/"]}]},{"@type":"BreadcrumbList","@id":"http:\/\/www.malaura.com.br\/quiz-cartao\/#breadcrumb","itemListElement":[{"@type":"ListItem","position":1,"name":"In\u00edcio","item":"https:\/\/www.malaura.com.br\/"},{"@type":"ListItem","position":2,"name":"QUIZ CARTAO"}]},{"@type":"WebSite","@id":"https:\/\/www.malaura.com.br\/#website","url":"https:\/\/www.malaura.com.br\/","name":"","description":"","potentialAction":[{"@type":"SearchAction","target":{"@type":"EntryPoint","urlTemplate":"https:\/\/www.malaura.com.br\/?s={search_term_string}"},"query-input":{"@type":"PropertyValueSpecification","valueRequired":true,"valueName":"search_term_string"}}],"inLanguage":"es"}]}},"_links":{"self":[{"href":"http:\/\/www.malaura.com.br\/es\/wp-json\/wp\/v2\/pages\/12478","targetHints":{"allow":["GET"]}}],"collection":[{"href":"http:\/\/www.malaura.com.br\/es\/wp-json\/wp\/v2\/pages"}],"about":[{"href":"http:\/\/www.malaura.com.br\/es\/wp-json\/wp\/v2\/types\/page"}],"author":[{"embeddable":true,"href":"http:\/\/www.malaura.com.br\/es\/wp-json\/wp\/v2\/users\/3"}],"replies":[{"embeddable":true,"href":"http:\/\/www.malaura.com.br\/es\/wp-json\/wp\/v2\/comments?post=12478"}],"version-history":[{"count":5,"href":"http:\/\/www.malaura.com.br\/es\/wp-json\/wp\/v2\/pages\/12478\/revisions"}],"predecessor-version":[{"id":12509,"href":"http:\/\/www.malaura.com.br\/es\/wp-json\/wp\/v2\/pages\/12478\/revisions\/12509"}],"wp:attachment":[{"href":"http:\/\/www.malaura.com.br\/es\/wp-json\/wp\/v2\/media?parent=12478"}],"curies":[{"name":"wp","href":"https:\/\/api.w.org\/{rel}","templated":true}]}}