{"id":14301,"date":"2025-07-28T12:29:40","date_gmt":"2025-07-28T15:29:40","guid":{"rendered":"https:\/\/www.malaura.com.br\/?page_id=14301"},"modified":"2025-07-28T13:18:05","modified_gmt":"2025-07-28T16:18:05","slug":"quiz-minha-casa","status":"publish","type":"page","link":"http:\/\/www.malaura.com.br\/es\/quiz-minha-casa\/","title":{"rendered":"QUIZ MINHA CASA"},"content":{"rendered":"<div data-elementor-type=\"wp-page\" data-elementor-id=\"14301\" class=\"elementor elementor-14301\" data-elementor-settings=\"{&quot;ha_cmc_init_switcher&quot;:&quot;no&quot;}\" data-elementor-post-type=\"page\">\n\t\t\t\t\t\t<section class=\"elementor-section elementor-top-section elementor-element elementor-element-d8d14f7 elementor-section-boxed elementor-section-height-default elementor-section-height-default\" data-id=\"d8d14f7\" data-element_type=\"section\" data-e-type=\"section\" data-settings=\"{&quot;_ha_eqh_enable&quot;:false}\">\n\t\t\t\t\t\t<div class=\"elementor-container elementor-column-gap-default\">\n\t\t\t\t\t<div class=\"elementor-column elementor-col-100 elementor-top-column elementor-element elementor-element-51496d7\" data-id=\"51496d7\" data-element_type=\"column\" data-e-type=\"column\">\n\t\t\t<div class=\"elementor-widget-wrap elementor-element-populated\">\n\t\t\t\t\t\t<div class=\"elementor-element elementor-element-5421e88 elementor-widget elementor-widget-image\" data-id=\"5421e88\" data-element_type=\"widget\" data-e-type=\"widget\" data-widget_type=\"image.default\">\n\t\t\t\t<div class=\"elementor-widget-container\">\n\t\t\t\t\t\t\t\t\t\t\t\t\t\t\t<img fetchpriority=\"high\" decoding=\"async\" width=\"500\" height=\"197\" src=\"http:\/\/www.malaura.com.br\/wp-content\/uploads\/2025\/07\/WhatsApp-Image-2025-07-28-at-13.00.48.jpeg\" class=\"attachment-large size-large wp-image-14323\" alt=\"\" srcset=\"http:\/\/www.malaura.com.br\/wp-content\/uploads\/2025\/07\/WhatsApp-Image-2025-07-28-at-13.00.48.jpeg 500w, http:\/\/www.malaura.com.br\/wp-content\/uploads\/2025\/07\/WhatsApp-Image-2025-07-28-at-13.00.48-300x118.jpeg 300w, http:\/\/www.malaura.com.br\/wp-content\/uploads\/2025\/07\/WhatsApp-Image-2025-07-28-at-13.00.48-18x7.jpeg 18w\" sizes=\"(max-width: 500px) 100vw, 500px\" \/>\t\t\t\t\t\t\t\t\t\t\t\t\t\t\t<\/div>\n\t\t\t\t<\/div>\n\t\t\t\t\t<\/div>\n\t\t<\/div>\n\t\t\t\t\t<\/div>\n\t\t<\/section>\n\t\t\t\t<section class=\"elementor-section elementor-top-section elementor-element elementor-element-3eb9848 elementor-section-boxed elementor-section-height-default elementor-section-height-default\" data-id=\"3eb9848\" data-element_type=\"section\" data-e-type=\"section\" data-settings=\"{&quot;_ha_eqh_enable&quot;:false}\">\n\t\t\t\t\t\t<div class=\"elementor-container elementor-column-gap-default\">\n\t\t\t\t\t<div class=\"elementor-column elementor-col-100 elementor-top-column elementor-element elementor-element-d1c6370\" data-id=\"d1c6370\" data-element_type=\"column\" data-e-type=\"column\">\n\t\t\t<div class=\"elementor-widget-wrap elementor-element-populated\">\n\t\t\t\t\t\t<div class=\"elementor-element elementor-element-2fe4610 elementor-widget elementor-widget-html\" data-id=\"2fe4610\" data-element_type=\"widget\" data-e-type=\"widget\" data-widget_type=\"html.default\">\n\t\t\t\t<div class=\"elementor-widget-container\">\n\t\t\t\t\t<div style=\"max-width:700px; margin:auto; font-family:Arial, sans-serif; padding:20px; background:#f0f4f8; border-radius:10px;\">\n  <h2 style=\"text-align:center; margin-bottom:20px;\">Impulsione seu caminho para a casa pr\u00f3pria \ud83c\udfe1 <\/h2>\n  <div id=\"quiz\">\n    <!-- Pergunta 1 -->\n    <div class=\"step\" id=\"step-1\" style=\"display:block;\">\n      <div style=\"text-align:center;\">\n        <h3>Qual a sua renda familiar?\nSoma da renda das pessoas que moram com voc\u00ea.<\/h3>\n      <\/div>\n      <button style=\"width:100%; padding:15px; margin-bottom:10px; background:#007BFF; color:#fff; border:none; border-radius:8px; font-size:16px;\" onclick=\"proximaPergunta(2)\">At\u00e9 R$ 2.000<\/button>\n      <button style=\"width:100%; padding:15px; margin-bottom:10px; background:#007BFF; color:#fff; border:none; border-radius:8px; font-size:16px;\" onclick=\"proximaPergunta(2)\">De R$ 2.001 a R$ 4.000<\/button>\n      <button style=\"width:100%; padding:15px; margin-bottom:10px; background:#007BFF; color:#fff; border:none; border-radius:8px; font-size:16px;\" onclick=\"proximaPergunta(2)\">Mais de R$ 4.000<\/button>\n    <\/div>\n\n    <!-- Pergunta 2 -->\n    <div class=\"step\" id=\"step-2\" style=\"display:none;\">\n      <div style=\"text-align:center;\">\n        <h3>Voc\u00ea possui alguma restri\u00e7\u00e3o de cr\u00e9dito?<\/h3>\n      <\/div>\n      <button style=\"width:100%; padding:15px; margin-bottom:10px; background:#28a745; color:#fff; border:none; border-radius:8px; font-size:16px;\" onclick=\"final()\">Sim<\/button>\n      <button style=\"width:100%; padding:15px; margin-bottom:10px; background:#28a745; color:#fff; border:none; border-radius:8px; font-size:16px;\" onclick=\"final()\">N\u00e3o<\/button>\n    <\/div>\n  <\/div>\n<\/div>\n\n<script>\n  function proximaPergunta(nextStepID) {\n    \/\/ Esconde todas as perguntas\n    document.querySelectorAll('.step').forEach(function(div) {\n      div.style.display = 'none';\n    });\n    \/\/ Exibe a pr\u00f3xima\n    document.getElementById('step-' + nextStepID).style.display = 'block';\n  }\n\n  function final() {\n    \/\/ Redireciona ao clicar na \u00faltima resposta\n    window.location.href = 'https:\/\/www.malaura.com.br\/programa-minha-casa-minha-vida-tudo-o-que-voce-precisa-saber-para-participar\/';\n  }\n<\/script>\n\t\t\t\t<\/div>\n\t\t\t\t<\/div>\n\t\t\t\t\t<\/div>\n\t\t<\/div>\n\t\t\t\t\t<\/div>\n\t\t<\/section>\n\t\t\t\t<\/div>","protected":false},"excerpt":{"rendered":"<p>Impulsione seu caminho para a casa pr\u00f3pria \ud83c\udfe1 Qual a sua renda familiar? Soma da renda das pessoas que moram com voc\u00ea. At\u00e9 R$ 2.000 De R$ 2.001 a R$ 4.000 Mais de R$ 4.000 Voc\u00ea possui alguma restri\u00e7\u00e3o de cr\u00e9dito? Sim N\u00e3o<\/p>","protected":false},"author":3,"featured_media":0,"parent":0,"menu_order":0,"comment_status":"closed","ping_status":"closed","template":"elementor_canvas","meta":{"footnotes":""},"class_list":["post-14301","page","type-page","status-publish"],"yoast_head":"<!-- This site is optimized with the Yoast SEO plugin v27.3 - https:\/\/yoast.com\/product\/yoast-seo-wordpress\/ -->\n<title>QUIZ MINHA CASA -<\/title>\n<meta name=\"robots\" content=\"index, follow, max-snippet:-1, max-image-preview:large, max-video-preview:-1\" \/>\n<link rel=\"canonical\" href=\"http:\/\/www.malaura.com.br\/es\/quiz-minha-casa\/\" \/>\n<meta property=\"og:locale\" content=\"es_MX\" \/>\n<meta property=\"og:type\" content=\"article\" \/>\n<meta property=\"og:title\" content=\"QUIZ MINHA CASA -\" \/>\n<meta property=\"og:description\" content=\"Impulsione seu caminho para a casa pr\u00f3pria \ud83c\udfe1 Qual a sua renda familiar? Soma da renda das pessoas que moram com voc\u00ea. At\u00e9 R$ 2.000 De R$ 2.001 a R$ 4.000 Mais de R$ 4.000 Voc\u00ea possui alguma restri\u00e7\u00e3o de cr\u00e9dito? Sim N\u00e3o\" \/>\n<meta property=\"og:url\" content=\"http:\/\/www.malaura.com.br\/es\/quiz-minha-casa\/\" \/>\n<meta property=\"article:modified_time\" content=\"2025-07-28T16:18:05+00:00\" \/>\n<meta property=\"og:image\" content=\"http:\/\/www.malaura.com.br\/wp-content\/uploads\/2025\/07\/WhatsApp-Image-2025-07-28-at-13.00.48.jpeg\" \/>\n<meta name=\"twitter:card\" content=\"summary_large_image\" \/>\n<meta name=\"twitter:label1\" content=\"Tiempo de lectura\" \/>\n\t<meta name=\"twitter:data1\" content=\"1 minuto\" \/>\n<script type=\"application\/ld+json\" class=\"yoast-schema-graph\">{\"@context\":\"https:\\\/\\\/schema.org\",\"@graph\":[{\"@type\":\"WebPage\",\"@id\":\"http:\\\/\\\/www.malaura.com.br\\\/quiz-minha-casa\\\/\",\"url\":\"http:\\\/\\\/www.malaura.com.br\\\/quiz-minha-casa\\\/\",\"name\":\"QUIZ MINHA CASA -\",\"isPartOf\":{\"@id\":\"http:\\\/\\\/www.malaura.com.br\\\/#website\"},\"primaryImageOfPage\":{\"@id\":\"http:\\\/\\\/www.malaura.com.br\\\/quiz-minha-casa\\\/#primaryimage\"},\"image\":{\"@id\":\"http:\\\/\\\/www.malaura.com.br\\\/quiz-minha-casa\\\/#primaryimage\"},\"thumbnailUrl\":\"http:\\\/\\\/www.malaura.com.br\\\/wp-content\\\/uploads\\\/2025\\\/07\\\/WhatsApp-Image-2025-07-28-at-13.00.48.jpeg\",\"datePublished\":\"2025-07-28T15:29:40+00:00\",\"dateModified\":\"2025-07-28T16:18:05+00:00\",\"breadcrumb\":{\"@id\":\"http:\\\/\\\/www.malaura.com.br\\\/quiz-minha-casa\\\/#breadcrumb\"},\"inLanguage\":\"es\",\"potentialAction\":[{\"@type\":\"ReadAction\",\"target\":[\"http:\\\/\\\/www.malaura.com.br\\\/quiz-minha-casa\\\/\"]}]},{\"@type\":\"ImageObject\",\"inLanguage\":\"es\",\"@id\":\"http:\\\/\\\/www.malaura.com.br\\\/quiz-minha-casa\\\/#primaryimage\",\"url\":\"http:\\\/\\\/www.malaura.com.br\\\/wp-content\\\/uploads\\\/2025\\\/07\\\/WhatsApp-Image-2025-07-28-at-13.00.48.jpeg\",\"contentUrl\":\"http:\\\/\\\/www.malaura.com.br\\\/wp-content\\\/uploads\\\/2025\\\/07\\\/WhatsApp-Image-2025-07-28-at-13.00.48.jpeg\"},{\"@type\":\"BreadcrumbList\",\"@id\":\"http:\\\/\\\/www.malaura.com.br\\\/quiz-minha-casa\\\/#breadcrumb\",\"itemListElement\":[{\"@type\":\"ListItem\",\"position\":1,\"name\":\"In\u00edcio\",\"item\":\"http:\\\/\\\/www.malaura.com.br\\\/\"},{\"@type\":\"ListItem\",\"position\":2,\"name\":\"QUIZ MINHA CASA\"}]},{\"@type\":\"WebSite\",\"@id\":\"http:\\\/\\\/www.malaura.com.br\\\/#website\",\"url\":\"http:\\\/\\\/www.malaura.com.br\\\/\",\"name\":\"\",\"description\":\"\",\"potentialAction\":[{\"@type\":\"SearchAction\",\"target\":{\"@type\":\"EntryPoint\",\"urlTemplate\":\"http:\\\/\\\/www.malaura.com.br\\\/?s={search_term_string}\"},\"query-input\":{\"@type\":\"PropertyValueSpecification\",\"valueRequired\":true,\"valueName\":\"search_term_string\"}}],\"inLanguage\":\"es\"}]}<\/script>\n<!-- \/ Yoast SEO plugin. -->","yoast_head_json":{"title":"QUIZ MINHA CASA -","robots":{"index":"index","follow":"follow","max-snippet":"max-snippet:-1","max-image-preview":"max-image-preview:large","max-video-preview":"max-video-preview:-1"},"canonical":"http:\/\/www.malaura.com.br\/es\/quiz-minha-casa\/","og_locale":"es_MX","og_type":"article","og_title":"QUIZ MINHA CASA -","og_description":"Impulsione seu caminho para a casa pr\u00f3pria \ud83c\udfe1 Qual a sua renda familiar? Soma da renda das pessoas que moram com voc\u00ea. At\u00e9 R$ 2.000 De R$ 2.001 a R$ 4.000 Mais de R$ 4.000 Voc\u00ea possui alguma restri\u00e7\u00e3o de cr\u00e9dito? Sim N\u00e3o","og_url":"http:\/\/www.malaura.com.br\/es\/quiz-minha-casa\/","article_modified_time":"2025-07-28T16:18:05+00:00","og_image":[{"url":"http:\/\/www.malaura.com.br\/wp-content\/uploads\/2025\/07\/WhatsApp-Image-2025-07-28-at-13.00.48.jpeg","type":"","width":"","height":""}],"twitter_card":"summary_large_image","twitter_misc":{"Tiempo de lectura":"1 minuto"},"schema":{"@context":"https:\/\/schema.org","@graph":[{"@type":"WebPage","@id":"http:\/\/www.malaura.com.br\/quiz-minha-casa\/","url":"http:\/\/www.malaura.com.br\/quiz-minha-casa\/","name":"QUIZ MINHA CASA -","isPartOf":{"@id":"http:\/\/www.malaura.com.br\/#website"},"primaryImageOfPage":{"@id":"http:\/\/www.malaura.com.br\/quiz-minha-casa\/#primaryimage"},"image":{"@id":"http:\/\/www.malaura.com.br\/quiz-minha-casa\/#primaryimage"},"thumbnailUrl":"http:\/\/www.malaura.com.br\/wp-content\/uploads\/2025\/07\/WhatsApp-Image-2025-07-28-at-13.00.48.jpeg","datePublished":"2025-07-28T15:29:40+00:00","dateModified":"2025-07-28T16:18:05+00:00","breadcrumb":{"@id":"http:\/\/www.malaura.com.br\/quiz-minha-casa\/#breadcrumb"},"inLanguage":"es","potentialAction":[{"@type":"ReadAction","target":["http:\/\/www.malaura.com.br\/quiz-minha-casa\/"]}]},{"@type":"ImageObject","inLanguage":"es","@id":"http:\/\/www.malaura.com.br\/quiz-minha-casa\/#primaryimage","url":"http:\/\/www.malaura.com.br\/wp-content\/uploads\/2025\/07\/WhatsApp-Image-2025-07-28-at-13.00.48.jpeg","contentUrl":"http:\/\/www.malaura.com.br\/wp-content\/uploads\/2025\/07\/WhatsApp-Image-2025-07-28-at-13.00.48.jpeg"},{"@type":"BreadcrumbList","@id":"http:\/\/www.malaura.com.br\/quiz-minha-casa\/#breadcrumb","itemListElement":[{"@type":"ListItem","position":1,"name":"In\u00edcio","item":"http:\/\/www.malaura.com.br\/"},{"@type":"ListItem","position":2,"name":"QUIZ MINHA CASA"}]},{"@type":"WebSite","@id":"http:\/\/www.malaura.com.br\/#website","url":"http:\/\/www.malaura.com.br\/","name":"","description":"","potentialAction":[{"@type":"SearchAction","target":{"@type":"EntryPoint","urlTemplate":"http:\/\/www.malaura.com.br\/?s={search_term_string}"},"query-input":{"@type":"PropertyValueSpecification","valueRequired":true,"valueName":"search_term_string"}}],"inLanguage":"es"}]}},"_links":{"self":[{"href":"http:\/\/www.malaura.com.br\/es\/wp-json\/wp\/v2\/pages\/14301","targetHints":{"allow":["GET"]}}],"collection":[{"href":"http:\/\/www.malaura.com.br\/es\/wp-json\/wp\/v2\/pages"}],"about":[{"href":"http:\/\/www.malaura.com.br\/es\/wp-json\/wp\/v2\/types\/page"}],"author":[{"embeddable":true,"href":"http:\/\/www.malaura.com.br\/es\/wp-json\/wp\/v2\/users\/3"}],"replies":[{"embeddable":true,"href":"http:\/\/www.malaura.com.br\/es\/wp-json\/wp\/v2\/comments?post=14301"}],"version-history":[{"count":28,"href":"http:\/\/www.malaura.com.br\/es\/wp-json\/wp\/v2\/pages\/14301\/revisions"}],"predecessor-version":[{"id":14342,"href":"http:\/\/www.malaura.com.br\/es\/wp-json\/wp\/v2\/pages\/14301\/revisions\/14342"}],"wp:attachment":[{"href":"http:\/\/www.malaura.com.br\/es\/wp-json\/wp\/v2\/media?parent=14301"}],"curies":[{"name":"wp","href":"https:\/\/api.w.org\/{rel}","templated":true}]}}