{"id":14469,"date":"2025-08-11T19:57:54","date_gmt":"2025-08-11T22:57:54","guid":{"rendered":"https:\/\/www.malaura.com.br\/?page_id=14469"},"modified":"2025-08-11T20:03:46","modified_gmt":"2025-08-11T23:03:46","slug":"teste-cartao","status":"publish","type":"page","link":"http:\/\/www.malaura.com.br\/es\/teste-cartao\/","title":{"rendered":"teste cartao"},"content":{"rendered":"<div data-elementor-type=\"wp-page\" data-elementor-id=\"14469\" class=\"elementor elementor-14469\" data-elementor-settings=\"{&quot;ha_cmc_init_switcher&quot;:&quot;no&quot;}\" data-elementor-post-type=\"page\">\n\t\t\t\t\t\t<section class=\"elementor-section elementor-top-section elementor-element elementor-element-68313c4 elementor-section-boxed elementor-section-height-default elementor-section-height-default\" data-id=\"68313c4\" data-element_type=\"section\" data-e-type=\"section\" data-settings=\"{&quot;_ha_eqh_enable&quot;:false}\">\n\t\t\t\t\t\t<div class=\"elementor-container elementor-column-gap-default\">\n\t\t\t\t\t<div class=\"elementor-column elementor-col-100 elementor-top-column elementor-element elementor-element-3a2dca8\" data-id=\"3a2dca8\" data-element_type=\"column\" data-e-type=\"column\">\n\t\t\t<div class=\"elementor-widget-wrap elementor-element-populated\">\n\t\t\t\t\t\t<div class=\"elementor-element elementor-element-805a3b8 elementor-widget elementor-widget-html\" data-id=\"805a3b8\" data-element_type=\"widget\" data-e-type=\"widget\" data-widget_type=\"html.default\">\n\t\t\t\t<div class=\"elementor-widget-container\">\n\t\t\t\t\t<!DOCTYPE html>\n<html lang=\"pt-br\">\n<head>\n<meta charset=\"UTF-8\" \/>\n<meta name=\"viewport\" content=\"width=device-width, initial-scale=1.0\"\/>\n<title>Quiz Cart\u00e3o de Cr\u00e9dito<\/title>\n<style>\n  body { font-family: Arial, sans-serif; background: #f5f5f5; padding: 20px; }\n  .quiz-container { max-width: 600px; margin: 0 auto; background:#fff; padding:20px; border-radius:8px; }\n  h3 { text-align: center; margin-bottom: 10px; }\n  .question { margin-top: 20px; display: none; }\n  .question.active { display: block; }\n  button { display: block; width: 100%; margin: 10px 0; padding: 12px; font-size: 16px; border:none; border-radius:5px; background-color:#007bff; color:#fff; cursor:pointer; }\n  button:hover { background-color:#0056b3; }\n  #finalMessage { display: none; }\n<\/style>\n<\/head>\n<body>\n\n<div class=\"quiz-container\" id=\"quiz\">\n  <!-- Pergunta 1 -->\n  <div class=\"question active\" id=\"q1\">\n    <h3>Descubra qual \u00e9 o melhor cart\u00e3o de cr\u00e9dito para voc\u00ea<\/h3>\n    <h3>Leva menos de 30 segundos!<\/h3>\n    <p style=\"text-align:center;\">O que \u00e9 mais importante em um cart\u00e3o de cr\u00e9dito para voc\u00ea?<\/p>\n    <button data-question=\"q2\" data-answer=\"Limite alto\">Limite de cr\u00e9dito alto<\/button>\n    <button data-question=\"q2\" data-answer=\"Sem consulta\">Sem consulta ao SPC\/SERASA<\/button>\n    <button data-question=\"q2\" data-answer=\"Anuidade gratuita\">Anuidade gr\u00e1tis<\/button>\n  <\/div>\n\n  <!-- Pergunta 2 -->\n  <div class=\"question\" id=\"q2\">\n    <h3>Gostaria de ativar as notifica\u00e7\u00f5es para receber novidades e atualiza\u00e7\u00f5es?<\/h3>\n    <button data-question=\"q3\" data-answer=\"Sim\">Sim<\/button>\n    <button data-question=\"q3\" data-answer=\"N\u00e3o\">N\u00e3o<\/button>\n  <\/div>\n\n  <!-- Pergunta 3 -->\n  <div class=\"question\" id=\"q3\">\n    <h3>Quantos anos voc\u00ea tem?<\/h3>\n    <button data-question=\"q4\" data-answer=\"18-25\">18-25 anos<\/button>\n    <button data-question=\"q4\" data-answer=\"26-40\">26-40 anos<\/button>\n    <button data-question=\"q4\" data-answer=\"41-60\">41-60 anos<\/button>\n    <button data-question=\"q4\" data-answer=\"60+\">60 anos ou mais<\/button>\n  <\/div>\n\n  <!-- Pergunta 4 -->\n  <div class=\"question\" id=\"q4\">\n    <h3>Em qual grupo voc\u00ea se encaixa?<\/h3>\n    <button data-question=\"q5\" data-answer=\"Aut\u00f4nomo\">Aut\u00f4nomo<\/button>\n    <button data-question=\"q5\" data-answer=\"Empregado\">Empregado (Carteira assinada)<\/button>\n    <button data-question=\"q5\" data-answer=\"Desempregado\">Desempregado<\/button>\n    <button data-question=\"q5\" data-answer=\"Aposentado\">Aposentado\/Pensionista<\/button>\n    <button data-question=\"q5\" data-answer=\"Servidor\">Servidor P\u00fablico<\/button>\n    <button data-question=\"q5\" data-answer=\"Estudante\">Estudante<\/button>\n  <\/div>\n\n  <!-- \u00daltima Pergunta: Voc\u00ea est\u00e1 negativado? -->\n  <div class=\"question\" id=\"q5\">\n    <h3>Voc\u00ea est\u00e1 negativado?<\/h3>\n    <button data-question=\"final\" data-answer=\"Sim\">Sim<\/button>\n    <button data-question=\"final\" data-answer=\"N\u00e3o\">N\u00e3o<\/button>\n  <\/div>\n\n  <!-- Final -->\n  <div id=\"finalMessage\">\n    <h3>Fant\u00e1stico!<\/h3>\n    <p style=\"text-align:center;\">Digite seus dados abaixo:<\/p>\n    <form id=\"formDados\" action=\"\">\n      <input type=\"text\" placeholder=\"Nome\" id=\"nome\" required style=\"width:80%; padding:10px; margin:10px 0; border-radius:5px; border:1px solid #ccc;\">\n      <input type=\"email\" placeholder=\"Email\" id=\"email\" required style=\"width:80%; padding:10px; margin:10px 0; border-radius:5px; border:1px solid #ccc;\">\n      <button type=\"submit\">Ver Cart\u00e3o<\/button>\n    <input type=\"hidden\" name=\"trp-form-language\" value=\"es\"\/><\/form>\n  <\/div>\n<\/div>\n\n<script>\n  const questions = document.querySelectorAll('.question');\n  const finalDiv = document.getElementById('finalMessage');\n\n  function showQuestion(id) {\n    questions.forEach(q => {\n      q.classList.remove('active');\n      if (q.id === id) {\n        q.classList.add('active');\n      }\n    });\n  }\n\n  document.querySelectorAll('.question button').forEach(btn => {\n    btn.addEventListener('click', () => {\n      const nextId = btn.getAttribute('data-question');\n      if (nextId === 'final') {\n        questions.forEach(q => q.classList.remove('active'));\n        document.getElementById('finalMessage').style.display = 'block';\n      } else {\n        showQuestion(nextId);\n      }\n    });\n  });\n\n  \/\/ Logo ao enviar o formul\u00e1rio final\n  document.getElementById('formDados').addEventListener('submit', (e) => {\n    e.preventDefault();\n    window.location.href = 'https:\/\/malaura.com.br';\n  });\n<\/script>\n\n<\/body>\n<\/html>\n\t\t\t\t<\/div>\n\t\t\t\t<\/div>\n\t\t\t\t\t<\/div>\n\t\t<\/div>\n\t\t\t\t\t<\/div>\n\t\t<\/section>\n\t\t\t\t<\/div>","protected":false},"excerpt":{"rendered":"<p>Quiz Cart\u00e3o de Cr\u00e9dito Descubra qual \u00e9 o melhor cart\u00e3o de cr\u00e9dito para voc\u00ea Leva menos de 30 segundos! O que \u00e9 mais importante em um cart\u00e3o de cr\u00e9dito para voc\u00ea? Limite de cr\u00e9dito alto Sem consulta ao SPC\/SERASA Anuidade gr\u00e1tis Gostaria de ativar as notifica\u00e7\u00f5es para receber novidades e atualiza\u00e7\u00f5es? Sim N\u00e3o Quantos anos &#8230; <a title=\"teste cartao\" class=\"read-more\" href=\"http:\/\/www.malaura.com.br\/es\/teste-cartao\/\" aria-label=\"Leer m\u00e1s sobre teste cartao\">Leer m\u00e1s<\/a><\/p>","protected":false},"author":3,"featured_media":0,"parent":0,"menu_order":0,"comment_status":"closed","ping_status":"closed","template":"elementor_canvas","meta":{"footnotes":""},"class_list":["post-14469","page","type-page","status-publish"],"yoast_head":"<!-- This site is optimized with the Yoast SEO plugin v27.4 - https:\/\/yoast.com\/product\/yoast-seo-wordpress\/ -->\n<title>teste cartao -<\/title>\n<meta name=\"robots\" content=\"index, follow, max-snippet:-1, max-image-preview:large, max-video-preview:-1\" \/>\n<link rel=\"canonical\" href=\"http:\/\/www.malaura.com.br\/es\/teste-cartao\/\" \/>\n<meta property=\"og:locale\" content=\"es_MX\" \/>\n<meta property=\"og:type\" content=\"article\" \/>\n<meta property=\"og:title\" content=\"teste cartao -\" \/>\n<meta property=\"og:description\" content=\"Quiz Cart\u00e3o de Cr\u00e9dito Descubra qual \u00e9 o melhor cart\u00e3o de cr\u00e9dito para voc\u00ea Leva menos de 30 segundos! O que \u00e9 mais importante em um cart\u00e3o de cr\u00e9dito para voc\u00ea? Limite de cr\u00e9dito alto Sem consulta ao SPC\/SERASA Anuidade gr\u00e1tis Gostaria de ativar as notifica\u00e7\u00f5es para receber novidades e atualiza\u00e7\u00f5es? Sim N\u00e3o Quantos anos ... Leer m\u00e1s\" \/>\n<meta property=\"og:url\" content=\"http:\/\/www.malaura.com.br\/es\/teste-cartao\/\" \/>\n<meta property=\"article:modified_time\" content=\"2025-08-11T23:03:46+00:00\" \/>\n<meta name=\"twitter:card\" content=\"summary_large_image\" \/>\n<meta name=\"twitter:label1\" content=\"Tiempo de lectura\" \/>\n\t<meta name=\"twitter:data1\" content=\"1 minuto\" \/>\n<script type=\"application\/ld+json\" class=\"yoast-schema-graph\">{\"@context\":\"https:\\\/\\\/schema.org\",\"@graph\":[{\"@type\":\"WebPage\",\"@id\":\"http:\\\/\\\/www.malaura.com.br\\\/teste-cartao\\\/\",\"url\":\"http:\\\/\\\/www.malaura.com.br\\\/teste-cartao\\\/\",\"name\":\"teste cartao -\",\"isPartOf\":{\"@id\":\"https:\\\/\\\/www.malaura.com.br\\\/#website\"},\"datePublished\":\"2025-08-11T22:57:54+00:00\",\"dateModified\":\"2025-08-11T23:03:46+00:00\",\"breadcrumb\":{\"@id\":\"http:\\\/\\\/www.malaura.com.br\\\/teste-cartao\\\/#breadcrumb\"},\"inLanguage\":\"es\",\"potentialAction\":[{\"@type\":\"ReadAction\",\"target\":[\"http:\\\/\\\/www.malaura.com.br\\\/teste-cartao\\\/\"]}]},{\"@type\":\"BreadcrumbList\",\"@id\":\"http:\\\/\\\/www.malaura.com.br\\\/teste-cartao\\\/#breadcrumb\",\"itemListElement\":[{\"@type\":\"ListItem\",\"position\":1,\"name\":\"In\u00edcio\",\"item\":\"https:\\\/\\\/www.malaura.com.br\\\/\"},{\"@type\":\"ListItem\",\"position\":2,\"name\":\"teste cartao\"}]},{\"@type\":\"WebSite\",\"@id\":\"https:\\\/\\\/www.malaura.com.br\\\/#website\",\"url\":\"https:\\\/\\\/www.malaura.com.br\\\/\",\"name\":\"\",\"description\":\"\",\"potentialAction\":[{\"@type\":\"SearchAction\",\"target\":{\"@type\":\"EntryPoint\",\"urlTemplate\":\"https:\\\/\\\/www.malaura.com.br\\\/?s={search_term_string}\"},\"query-input\":{\"@type\":\"PropertyValueSpecification\",\"valueRequired\":true,\"valueName\":\"search_term_string\"}}],\"inLanguage\":\"es\"}]}<\/script>\n<!-- \/ Yoast SEO plugin. -->","yoast_head_json":{"title":"teste cartao -","robots":{"index":"index","follow":"follow","max-snippet":"max-snippet:-1","max-image-preview":"max-image-preview:large","max-video-preview":"max-video-preview:-1"},"canonical":"http:\/\/www.malaura.com.br\/es\/teste-cartao\/","og_locale":"es_MX","og_type":"article","og_title":"teste cartao -","og_description":"Quiz Cart\u00e3o de Cr\u00e9dito Descubra qual \u00e9 o melhor cart\u00e3o de cr\u00e9dito para voc\u00ea Leva menos de 30 segundos! O que \u00e9 mais importante em um cart\u00e3o de cr\u00e9dito para voc\u00ea? Limite de cr\u00e9dito alto Sem consulta ao SPC\/SERASA Anuidade gr\u00e1tis Gostaria de ativar as notifica\u00e7\u00f5es para receber novidades e atualiza\u00e7\u00f5es? Sim N\u00e3o Quantos anos ... Leer m\u00e1s","og_url":"http:\/\/www.malaura.com.br\/es\/teste-cartao\/","article_modified_time":"2025-08-11T23:03:46+00:00","twitter_card":"summary_large_image","twitter_misc":{"Tiempo de lectura":"1 minuto"},"schema":{"@context":"https:\/\/schema.org","@graph":[{"@type":"WebPage","@id":"http:\/\/www.malaura.com.br\/teste-cartao\/","url":"http:\/\/www.malaura.com.br\/teste-cartao\/","name":"teste cartao -","isPartOf":{"@id":"https:\/\/www.malaura.com.br\/#website"},"datePublished":"2025-08-11T22:57:54+00:00","dateModified":"2025-08-11T23:03:46+00:00","breadcrumb":{"@id":"http:\/\/www.malaura.com.br\/teste-cartao\/#breadcrumb"},"inLanguage":"es","potentialAction":[{"@type":"ReadAction","target":["http:\/\/www.malaura.com.br\/teste-cartao\/"]}]},{"@type":"BreadcrumbList","@id":"http:\/\/www.malaura.com.br\/teste-cartao\/#breadcrumb","itemListElement":[{"@type":"ListItem","position":1,"name":"In\u00edcio","item":"https:\/\/www.malaura.com.br\/"},{"@type":"ListItem","position":2,"name":"teste cartao"}]},{"@type":"WebSite","@id":"https:\/\/www.malaura.com.br\/#website","url":"https:\/\/www.malaura.com.br\/","name":"","description":"","potentialAction":[{"@type":"SearchAction","target":{"@type":"EntryPoint","urlTemplate":"https:\/\/www.malaura.com.br\/?s={search_term_string}"},"query-input":{"@type":"PropertyValueSpecification","valueRequired":true,"valueName":"search_term_string"}}],"inLanguage":"es"}]}},"_links":{"self":[{"href":"http:\/\/www.malaura.com.br\/es\/wp-json\/wp\/v2\/pages\/14469","targetHints":{"allow":["GET"]}}],"collection":[{"href":"http:\/\/www.malaura.com.br\/es\/wp-json\/wp\/v2\/pages"}],"about":[{"href":"http:\/\/www.malaura.com.br\/es\/wp-json\/wp\/v2\/types\/page"}],"author":[{"embeddable":true,"href":"http:\/\/www.malaura.com.br\/es\/wp-json\/wp\/v2\/users\/3"}],"replies":[{"embeddable":true,"href":"http:\/\/www.malaura.com.br\/es\/wp-json\/wp\/v2\/comments?post=14469"}],"version-history":[{"count":7,"href":"http:\/\/www.malaura.com.br\/es\/wp-json\/wp\/v2\/pages\/14469\/revisions"}],"predecessor-version":[{"id":14478,"href":"http:\/\/www.malaura.com.br\/es\/wp-json\/wp\/v2\/pages\/14469\/revisions\/14478"}],"wp:attachment":[{"href":"http:\/\/www.malaura.com.br\/es\/wp-json\/wp\/v2\/media?parent=14469"}],"curies":[{"name":"wp","href":"https:\/\/api.w.org\/{rel}","templated":true}]}}