{"id":814,"date":"2022-11-08T18:29:37","date_gmt":"2022-11-08T23:29:37","guid":{"rendered":"https:\/\/gpsites.co\/info\/?page_id=814"},"modified":"2023-09-19T08:46:00","modified_gmt":"2023-09-19T12:46:00","slug":"contato","status":"publish","type":"page","link":"http:\/\/www.malaura.com.br\/es\/contato\/","title":{"rendered":"Contacto"},"content":{"rendered":"\n<p>Ficamos encantados em saber que voc\u00ea deseja entrar em contato conosco no Malaura! Sua opini\u00e3o, perguntas e hist\u00f3rias s\u00e3o muito importantes para n\u00f3s.<\/p>\n\n\n\n<p>Por favor, preencha o formul\u00e1rio abaixo para que possamos estar em sintonia. Mal podemos esperar para ouvir o que voc\u00ea tem a compartilhar e responder a qualquer d\u00favida que possa surgir.<\/p>\n\n\n\n<p>Obrigado por fazer parte da nossa comunidade de cuidado com o lar!<\/p>\n\n\n<div class='fluentform ff-default fluentform_wrapper_3 ffs_default_wrap'><form data-form_id=\"3\" id=\"fluentform_3\" class=\"frm-fluent-form fluent_form_3 ff-el-form-top ff_form_instance_3_1 ff-form-loading ffs_default\" data-form_instance=\"ff_form_instance_3_1\" method=\"POST\" ><fieldset  style=\"border: none!important;margin: 0!important;padding: 0!important;background-color: transparent!important;box-shadow: none!important;outline: none!important; min-inline-size: 100%;\">\n                    <legend class=\"ff_screen_reader_title\" style=\"display: block; margin: 0!important;padding: 0!important;height: 0!important;text-indent: -999999px;width: 0!important;overflow:hidden;\">Contact Form Demo (#3)<\/legend><input type='hidden' name='__fluent_form_embded_post_id' value='814' \/><input type=\"hidden\" id=\"_fluentform_3_fluentformnonce\" name=\"_fluentform_3_fluentformnonce\" value=\"69517f9f41\" \/><input type=\"hidden\" name=\"_wp_http_referer\" value=\"\/es\/wp-json\/wp\/v2\/pages\/814\" \/><div data-type=\"name-element\" data-name=\"names\" class=\" ff-field_container ff-name-field-wrapper\" ><div class='ff-t-container'><div class='ff-t-cell '><div class='ff-el-group'><div class=\"ff-el-input--label asterisk-right\"><label for='ff_3_names_first_name_' id='label_ff_3_names_first_name_' >Nome<\/label><\/div><div class='ff-el-input--content'><input type=\"text\" name=\"names[first_name]\" id=\"ff_3_names_first_name_\" class=\"ff-el-form-control\" placeholder=\"Nome\" aria-invalid=\"false\" aria-required=false><\/div><\/div><\/div><\/div><\/div><div class='ff-el-group'><div class=\"ff-el-input--label ff-el-is-required asterisk-right\"><label for='ff_3_email' id='label_ff_3_email' aria-label=\"Email\">Email<\/label><\/div><div class='ff-el-input--content'><input type=\"email\" name=\"email\" id=\"ff_3_email\" class=\"ff-el-form-control\" placeholder=\"Email\" data-name=\"email\"  aria-invalid=\"false\" aria-required=true><\/div><\/div><div class='ff-el-group'><div class=\"ff-el-input--label asterisk-right\"><label for='ff_3_subject' id='label_ff_3_subject' aria-label=\"Assunto\">Assunto<\/label><\/div><div class='ff-el-input--content'><input type=\"text\" name=\"subject\" class=\"ff-el-form-control\" placeholder=\"Assunto\" data-name=\"subject\" id=\"ff_3_subject\"  aria-invalid=\"false\" aria-required=false><\/div><\/div><div class='ff-el-group'><div class=\"ff-el-input--label ff-el-is-required asterisk-right\"><label for='ff_3_message' id='label_ff_3_message' aria-label=\"Mensagem\">Mensagem<\/label><\/div><div class='ff-el-input--content'><textarea aria-required=\"true\" aria-labelledby=\"label_ff_3_message\" name=\"message\" id=\"ff_3_message\" class=\"ff-el-form-control\" placeholder=\"Mensagem\" rows=\"4\" cols=\"2\" data-name=\"message\" ><\/textarea><\/div><\/div><div class='ff-el-group ff-text-left ff_submit_btn_wrapper'><button type=\"submit\" class=\"ff-btn ff-btn-submit ff-btn-md ff_btn_style\"  aria-label=\"Enviar\">Enviar<\/button><\/div><\/fieldset><\/form><div id='fluentform_3_errors' class='ff-errors-in-stack ff_form_instance_3_1 ff-form-loading_errors ff_form_instance_3_1_errors'><\/div><\/div>            <script type=\"text\/javascript\">\n                window.fluent_form_ff_form_instance_3_1 = {\"id\":\"3\",\"ajaxUrl\":\"http:\\\/\\\/www.malaura.com.br\\\/wp-admin\\\/admin-ajax.php\",\"settings\":{\"layout\":{\"labelPlacement\":\"top\",\"helpMessagePlacement\":\"with_label\",\"errorMessagePlacement\":\"inline\",\"cssClassName\":\"\",\"asteriskPlacement\":\"asterisk-right\"},\"restrictions\":{\"denyEmptySubmission\":{\"enabled\":false}}},\"form_instance\":\"ff_form_instance_3_1\",\"form_id_selector\":\"fluentform_3\",\"rules\":{\"names[first_name]\":{\"required\":{\"value\":false,\"message\":\"This field is required\",\"global\":false,\"global_message\":\"Este campo \\u00e9 obrigat\\u00f3rio\"}},\"names[middle_name]\":{\"required\":{\"value\":false,\"message\":\"This field is required\",\"global\":false,\"global_message\":\"Este campo \\u00e9 obrigat\\u00f3rio\"}},\"names[last_name]\":{\"required\":{\"value\":false,\"message\":\"This field is required\",\"global\":false,\"global_message\":\"Este campo \\u00e9 obrigat\\u00f3rio\"}},\"email\":{\"required\":{\"value\":true,\"message\":\"Obrigat\\u00f3rio\",\"global\":false,\"global_message\":\"Este campo \\u00e9 obrigat\\u00f3rio\"},\"email\":{\"value\":true,\"message\":\"Precisa ser um e-mail v\\u00e1lido\",\"global\":false,\"global_message\":\"Este campo deve conter um e-mail v\\u00e1lido\"}},\"subject\":{\"required\":{\"value\":false,\"message\":\"This field is required\",\"global\":false,\"global_message\":\"Este campo \\u00e9 obrigat\\u00f3rio\"}},\"message\":{\"required\":{\"value\":true,\"message\":\"Obrigat\\u00f3rio\",\"global\":false,\"global_message\":\"Este campo \\u00e9 obrigat\\u00f3rio\"}}},\"debounce_time\":300};\n                            <\/script>\n            \n","protected":false},"excerpt":{"rendered":"<p>Ficamos encantados em saber que voc\u00ea deseja entrar em contato conosco no Malaura! Sua opini\u00e3o, perguntas e hist\u00f3rias s\u00e3o muito importantes para n\u00f3s. Por favor, preencha o formul\u00e1rio abaixo para que possamos estar em sintonia. Mal podemos esperar para ouvir o que voc\u00ea tem a compartilhar e responder a qualquer d\u00favida que possa surgir. Obrigado &#8230; <a title=\"Contacto\" class=\"read-more\" href=\"http:\/\/www.malaura.com.br\/es\/contato\/\" aria-label=\"Leer m\u00e1s sobre Contato\">Leer m\u00e1s<\/a><\/p>","protected":false},"author":3,"featured_media":0,"parent":0,"menu_order":0,"comment_status":"closed","ping_status":"closed","template":"","meta":{"footnotes":""},"class_list":["post-814","page","type-page","status-publish"],"yoast_head":"<!-- This site is optimized with the Yoast SEO plugin v27.4 - https:\/\/yoast.com\/product\/yoast-seo-wordpress\/ -->\n<title>Contato -<\/title>\n<meta name=\"robots\" content=\"index, follow, max-snippet:-1, max-image-preview:large, max-video-preview:-1\" \/>\n<link rel=\"canonical\" href=\"https:\/\/www.malaura.com.br\/es\/contato\/\" \/>\n<meta property=\"og:locale\" content=\"es_MX\" \/>\n<meta property=\"og:type\" content=\"article\" \/>\n<meta property=\"og:title\" content=\"Contato -\" \/>\n<meta property=\"og:description\" content=\"Ficamos encantados em saber que voc\u00ea deseja entrar em contato conosco no Malaura! Sua opini\u00e3o, perguntas e hist\u00f3rias s\u00e3o muito importantes para n\u00f3s. Por favor, preencha o formul\u00e1rio abaixo para que possamos estar em sintonia. Mal podemos esperar para ouvir o que voc\u00ea tem a compartilhar e responder a qualquer d\u00favida que possa surgir. Obrigado ... Leer m\u00e1s\" \/>\n<meta property=\"og:url\" content=\"https:\/\/www.malaura.com.br\/es\/contato\/\" \/>\n<meta property=\"article:modified_time\" content=\"2023-09-19T12:46:00+00:00\" \/>\n<meta name=\"twitter:card\" content=\"summary_large_image\" \/>\n<script type=\"application\/ld+json\" class=\"yoast-schema-graph\">{\"@context\":\"https:\\\/\\\/schema.org\",\"@graph\":[{\"@type\":\"WebPage\",\"@id\":\"https:\\\/\\\/www.malaura.com.br\\\/es\\\/contato\\\/\",\"url\":\"https:\\\/\\\/www.malaura.com.br\\\/es\\\/contato\\\/\",\"name\":\"Contato -\",\"isPartOf\":{\"@id\":\"https:\\\/\\\/www.malaura.com.br\\\/#website\"},\"datePublished\":\"2022-11-08T23:29:37+00:00\",\"dateModified\":\"2023-09-19T12:46:00+00:00\",\"breadcrumb\":{\"@id\":\"https:\\\/\\\/www.malaura.com.br\\\/es\\\/contato\\\/#breadcrumb\"},\"inLanguage\":\"es\",\"potentialAction\":[{\"@type\":\"ReadAction\",\"target\":[\"https:\\\/\\\/www.malaura.com.br\\\/es\\\/contato\\\/\"]}]},{\"@type\":\"BreadcrumbList\",\"@id\":\"https:\\\/\\\/www.malaura.com.br\\\/es\\\/contato\\\/#breadcrumb\",\"itemListElement\":[{\"@type\":\"ListItem\",\"position\":1,\"name\":\"In\u00edcio\",\"item\":\"https:\\\/\\\/www.malaura.com.br\\\/\"},{\"@type\":\"ListItem\",\"position\":2,\"name\":\"Contato\"}]},{\"@type\":\"WebSite\",\"@id\":\"https:\\\/\\\/www.malaura.com.br\\\/#website\",\"url\":\"https:\\\/\\\/www.malaura.com.br\\\/\",\"name\":\"\",\"description\":\"\",\"potentialAction\":[{\"@type\":\"SearchAction\",\"target\":{\"@type\":\"EntryPoint\",\"urlTemplate\":\"https:\\\/\\\/www.malaura.com.br\\\/?s={search_term_string}\"},\"query-input\":{\"@type\":\"PropertyValueSpecification\",\"valueRequired\":true,\"valueName\":\"search_term_string\"}}],\"inLanguage\":\"es\"}]}<\/script>\n<!-- \/ Yoast SEO plugin. -->","yoast_head_json":{"title":"Contato -","robots":{"index":"index","follow":"follow","max-snippet":"max-snippet:-1","max-image-preview":"max-image-preview:large","max-video-preview":"max-video-preview:-1"},"canonical":"https:\/\/www.malaura.com.br\/es\/contato\/","og_locale":"es_MX","og_type":"article","og_title":"Contato -","og_description":"Ficamos encantados em saber que voc\u00ea deseja entrar em contato conosco no Malaura! Sua opini\u00e3o, perguntas e hist\u00f3rias s\u00e3o muito importantes para n\u00f3s. Por favor, preencha o formul\u00e1rio abaixo para que possamos estar em sintonia. Mal podemos esperar para ouvir o que voc\u00ea tem a compartilhar e responder a qualquer d\u00favida que possa surgir. Obrigado ... Leer m\u00e1s","og_url":"https:\/\/www.malaura.com.br\/es\/contato\/","article_modified_time":"2023-09-19T12:46:00+00:00","twitter_card":"summary_large_image","schema":{"@context":"https:\/\/schema.org","@graph":[{"@type":"WebPage","@id":"https:\/\/www.malaura.com.br\/es\/contato\/","url":"https:\/\/www.malaura.com.br\/es\/contato\/","name":"Contato -","isPartOf":{"@id":"https:\/\/www.malaura.com.br\/#website"},"datePublished":"2022-11-08T23:29:37+00:00","dateModified":"2023-09-19T12:46:00+00:00","breadcrumb":{"@id":"https:\/\/www.malaura.com.br\/es\/contato\/#breadcrumb"},"inLanguage":"es","potentialAction":[{"@type":"ReadAction","target":["https:\/\/www.malaura.com.br\/es\/contato\/"]}]},{"@type":"BreadcrumbList","@id":"https:\/\/www.malaura.com.br\/es\/contato\/#breadcrumb","itemListElement":[{"@type":"ListItem","position":1,"name":"In\u00edcio","item":"https:\/\/www.malaura.com.br\/"},{"@type":"ListItem","position":2,"name":"Contato"}]},{"@type":"WebSite","@id":"https:\/\/www.malaura.com.br\/#website","url":"https:\/\/www.malaura.com.br\/","name":"","description":"","potentialAction":[{"@type":"SearchAction","target":{"@type":"EntryPoint","urlTemplate":"https:\/\/www.malaura.com.br\/?s={search_term_string}"},"query-input":{"@type":"PropertyValueSpecification","valueRequired":true,"valueName":"search_term_string"}}],"inLanguage":"es"}]}},"_links":{"self":[{"href":"http:\/\/www.malaura.com.br\/es\/wp-json\/wp\/v2\/pages\/814","targetHints":{"allow":["GET"]}}],"collection":[{"href":"http:\/\/www.malaura.com.br\/es\/wp-json\/wp\/v2\/pages"}],"about":[{"href":"http:\/\/www.malaura.com.br\/es\/wp-json\/wp\/v2\/types\/page"}],"author":[{"embeddable":true,"href":"http:\/\/www.malaura.com.br\/es\/wp-json\/wp\/v2\/users\/3"}],"replies":[{"embeddable":true,"href":"http:\/\/www.malaura.com.br\/es\/wp-json\/wp\/v2\/comments?post=814"}],"version-history":[{"count":0,"href":"http:\/\/www.malaura.com.br\/es\/wp-json\/wp\/v2\/pages\/814\/revisions"}],"wp:attachment":[{"href":"http:\/\/www.malaura.com.br\/es\/wp-json\/wp\/v2\/media?parent=814"}],"curies":[{"name":"wp","href":"https:\/\/api.w.org\/{rel}","templated":true}]}}